{"id":5208,"date":"2024-11-13T10:10:38","date_gmt":"2024-11-13T10:10:38","guid":{"rendered":"https:\/\/neidrider.de\/?page_id=5208"},"modified":"2024-11-13T10:52:43","modified_gmt":"2024-11-13T10:52:43","slug":"ihre-anfrage","status":"publish","type":"page","link":"https:\/\/neidrider.de\/en\/ihre-anfrage\/","title":{"rendered":"Ihre Anfrage"},"content":{"rendered":"\t\t<div data-elementor-type=\"wp-page\" data-elementor-id=\"5208\" class=\"elementor elementor-5208\">\n\t\t\t\t<div class=\"elementor-element elementor-element-a44a6a6 e-flex e-con-boxed e-con e-parent\" data-id=\"a44a6a6\" data-element_type=\"container\" data-settings=\"{&quot;background_background&quot;:&quot;classic&quot;}\">\n\t\t\t\t\t<div class=\"e-con-inner\">\n\t\t\t\t<div class=\"elementor-element elementor-element-76418f0 elementor-widget elementor-widget-heading\" data-id=\"76418f0\" data-element_type=\"widget\" data-widget_type=\"heading.default\">\n\t\t\t\t<div class=\"elementor-widget-container\">\n\t\t\t\t\t<h1 class=\"elementor-heading-title elementor-size-default\">Ihre Anfrage<\/h1>\t\t\t\t<\/div>\n\t\t\t\t<\/div>\n\t\t<div class=\"elementor-element elementor-element-6860667 e-grid e-con-full e-con e-child\" data-id=\"6860667\" data-element_type=\"container\">\n\t\t\t\t<div class=\"elementor-element elementor-element-a426eb9 elementor-widget elementor-widget-text-editor\" data-id=\"a426eb9\" data-element_type=\"widget\" data-widget_type=\"text-editor.default\">\n\t\t\t\t<div class=\"elementor-widget-container\">\n\t\t\t\t\t\t\t\t\t<p>Bitte verwenden Sie unser Kontaktformular f\u00fcr Ihre Anfrage.<\/p><p><strong>W\u00e4hrend unserer Gesch\u00e4ftszeiten beantworten wir alle Anfragen zeitnah.\u00a0<\/strong><\/p>\t\t\t\t\t\t\t\t<\/div>\n\t\t\t\t<\/div>\n\t\t\t\t<div class=\"elementor-element elementor-element-5c1f6b6 elementor-widget elementor-widget-text-editor\" data-id=\"5c1f6b6\" data-element_type=\"widget\" data-widget_type=\"text-editor.default\">\n\t\t\t\t<div class=\"elementor-widget-container\">\n\t\t\t\t\t\t\t\t\t<p><strong>In dringenden F\u00e4llen<\/strong> erreichen Sie uns auch per WhatsApp und unter unserer mobiler Telefonnummer:<\/p><p>WhatsApp \/ Mobil &#8211; 0176.569 43 068<\/p>\t\t\t\t\t\t\t\t<\/div>\n\t\t\t\t<\/div>\n\t\t\t\t<\/div>\n\t\t\t\t\t<\/div>\n\t\t\t\t<\/div>\n\t\t\t\t<section class=\"elementor-section elementor-top-section elementor-element elementor-element-8c63ee1 elementor-section-boxed elementor-section-height-default elementor-section-height-default\" data-id=\"8c63ee1\" data-element_type=\"section\">\n\t\t\t\t\t\t<div class=\"elementor-container elementor-column-gap-default\">\n\t\t\t\t\t<div class=\"elementor-column elementor-col-66 elementor-top-column elementor-element elementor-element-6091f16\" data-id=\"6091f16\" data-element_type=\"column\">\n\t\t\t<div class=\"elementor-widget-wrap elementor-element-populated\">\n\t\t\t\t\t\t<div class=\"elementor-element elementor-element-5923227 elementor-widget elementor-widget-html\" data-id=\"5923227\" data-element_type=\"widget\" data-widget_type=\"html.default\">\n\t\t\t\t<div class=\"elementor-widget-container\">\n\t\t\t\t\t<iframe src=\"https:\/\/www.neidrider.de\/kontaktdb\/kontaktformular_de.php\" title=\"description\" height=\"1580\" scrolling=\"no\"><\/iframe>\t\t\t\t<\/div>\n\t\t\t\t<\/div>\n\t\t\t\t\t<\/div>\n\t\t<\/div>\n\t\t\t\t<div class=\"elementor-column elementor-col-33 elementor-top-column elementor-element elementor-element-073b725\" data-id=\"073b725\" data-element_type=\"column\">\n\t\t\t<div class=\"elementor-widget-wrap\">\n\t\t\t\t\t\t\t<\/div>\n\t\t<\/div>\n\t\t\t\t\t<\/div>\n\t\t<\/section>\n\t\t\t\t<\/div>\n\t\t","protected":false},"excerpt":{"rendered":"<p>Ihre Anfrage Bitte verwenden Sie unser Kontaktformular f\u00fcr Ihre Anfrage. W\u00e4hrend unserer Gesch\u00e4ftszeiten beantworten wir alle Anfragen zeitnah.\u00a0 In dringenden F\u00e4llen erreichen Sie uns auch per WhatsApp und unter unserer mobiler Telefonnummer: WhatsApp \/ Mobil &#8211; 0176.569 43 068<\/p>\n","protected":false},"author":1,"featured_media":0,"parent":0,"menu_order":0,"comment_status":"closed","ping_status":"closed","template":"","meta":{"ocean_post_layout":"full-screen","ocean_both_sidebars_style":"","ocean_both_sidebars_content_width":0,"ocean_both_sidebars_sidebars_width":0,"ocean_sidebar":"0","ocean_second_sidebar":"0","ocean_disable_margins":"enable","ocean_add_body_class":"","ocean_shortcode_before_top_bar":"","ocean_shortcode_after_top_bar":"","ocean_shortcode_before_header":"","ocean_shortcode_after_header":"","ocean_has_shortcode":"","ocean_shortcode_after_title":"","ocean_shortcode_before_footer_widgets":"","ocean_shortcode_after_footer_widgets":"","ocean_shortcode_before_footer_bottom":"","ocean_shortcode_after_footer_bottom":"","ocean_display_top_bar":"default","ocean_display_header":"default","ocean_header_style":"","ocean_center_header_left_menu":"0","ocean_custom_header_template":"0","ocean_custom_logo":0,"ocean_custom_retina_logo":0,"ocean_custom_logo_max_width":0,"ocean_custom_logo_tablet_max_width":0,"ocean_custom_logo_mobile_max_width":0,"ocean_custom_logo_max_height":0,"ocean_custom_logo_tablet_max_height":0,"ocean_custom_logo_mobile_max_height":0,"ocean_header_custom_menu":"0","ocean_menu_typo_font_family":"0","ocean_menu_typo_font_subset":"","ocean_menu_typo_font_size":0,"ocean_menu_typo_font_size_tablet":0,"ocean_menu_typo_font_size_mobile":0,"ocean_menu_typo_font_size_unit":"px","ocean_menu_typo_font_weight":"","ocean_menu_typo_font_weight_tablet":"","ocean_menu_typo_font_weight_mobile":"","ocean_menu_typo_transform":"","ocean_menu_typo_transform_tablet":"","ocean_menu_typo_transform_mobile":"","ocean_menu_typo_line_height":0,"ocean_menu_typo_line_height_tablet":0,"ocean_menu_typo_line_height_mobile":0,"ocean_menu_typo_line_height_unit":"","ocean_menu_typo_spacing":0,"ocean_menu_typo_spacing_tablet":0,"ocean_menu_typo_spacing_mobile":0,"ocean_menu_typo_spacing_unit":"","ocean_menu_link_color":"","ocean_menu_link_color_hover":"","ocean_menu_link_color_active":"","ocean_menu_link_background":"","ocean_menu_link_hover_background":"","ocean_menu_link_active_background":"","ocean_menu_social_links_bg":"","ocean_menu_social_hover_links_bg":"","ocean_menu_social_links_color":"","ocean_menu_social_hover_links_color":"","ocean_disable_title":"default","ocean_disable_heading":"on","ocean_post_title":"","ocean_post_subheading":"","ocean_post_title_style":"","ocean_post_title_background_color":"","ocean_post_title_background":0,"ocean_post_title_bg_image_position":"","ocean_post_title_bg_image_attachment":"","ocean_post_title_bg_image_repeat":"","ocean_post_title_bg_image_size":"","ocean_post_title_height":0,"ocean_post_title_bg_overlay":0.5,"ocean_post_title_bg_overlay_color":"","ocean_disable_breadcrumbs":"default","ocean_breadcrumbs_color":"","ocean_breadcrumbs_separator_color":"","ocean_breadcrumbs_links_color":"","ocean_breadcrumbs_links_hover_color":"","ocean_display_footer_widgets":"default","ocean_display_footer_bottom":"default","ocean_custom_footer_template":"0","omw_enable_modal_window":"enable","footnotes":""},"class_list":["post-5208","page","type-page","status-publish","hentry","entry"],"yoast_head":"<!-- This site is optimized with the Yoast SEO plugin v25.7 - https:\/\/yoast.com\/wordpress\/plugins\/seo\/ -->\n<title>Ihre Anfrage<\/title>\n<meta name=\"description\" content=\"Ihre Anfrage Bitte verwenden Sie unser Kontaktformular f\u00fcr Ihre Anfrage.W\u00e4hrend unserer Gesch\u00e4ftszeiten beantworten wir alle Anfragen zeitnah.\u00a0In dringenden F\u00e4llen erreichen Sie uns auch per WhatsApp und unter unserer mobiler Telefonnummer:WhatsApp \/ Mobil - 0176.569 43 068\" \/>\n<meta name=\"robots\" content=\"index, follow, max-snippet:-1, max-image-preview:large, max-video-preview:-1\" \/>\n<link rel=\"canonical\" href=\"\" \/>\n<meta property=\"og:locale\" content=\"en_GB\" \/>\n<meta property=\"og:type\" content=\"article\" \/>\n<meta property=\"og:title\" content=\"Ihre Anfrage\" \/>\n<meta property=\"og:description\" content=\"Ihre Anfrage Bitte verwenden Sie unser Kontaktformular f\u00fcr Ihre Anfrage.W\u00e4hrend unserer Gesch\u00e4ftszeiten beantworten wir alle Anfragen zeitnah.\u00a0In dringenden F\u00e4llen erreichen Sie uns auch per WhatsApp und unter unserer mobiler Telefonnummer:WhatsApp \/ Mobil - 0176.569 43 068\" \/>\n<meta property=\"og:url\" content=\"https:\/\/neidrider.de\/en\/ihre-anfrage\/\" \/>\n<meta property=\"og:site_name\" content=\"NeidRider WebDesign PHP Programmierung Schulungen\" \/>\n<meta property=\"article:modified_time\" content=\"2024-11-13T10:52:43+00:00\" \/>\n<meta name=\"twitter:card\" content=\"summary_large_image\" \/>\n<meta name=\"twitter:label1\" content=\"Est. reading time\" \/>\n\t<meta name=\"twitter:data1\" content=\"1 minute\" \/>\n<script type=\"application\/ld+json\" class=\"yoast-schema-graph\">{\"@context\":\"https:\/\/schema.org\",\"@graph\":[{\"@type\":\"WebPage\",\"@id\":\"https:\/\/neidrider.de\/en\/ihre-anfrage\/\",\"url\":\"https:\/\/neidrider.de\/en\/ihre-anfrage\/\",\"name\":\"Ihre Anfrage | NeidRider WebDesign PHP Programmierung Schulungen\",\"isPartOf\":{\"@id\":\"https:\/\/neidrider.de\/#website\"},\"datePublished\":\"2024-11-13T10:10:38+00:00\",\"dateModified\":\"2024-11-13T10:52:43+00:00\",\"description\":\"Ihre Anfrage Bitte verwenden Sie unser Kontaktformular f\u00fcr Ihre Anfrage.W\u00e4hrend unserer Gesch\u00e4ftszeiten beantworten wir alle Anfragen zeitnah.\u00a0In\",\"breadcrumb\":{\"@id\":\"https:\/\/neidrider.de\/en\/ihre-anfrage\/#breadcrumb\"},\"inLanguage\":\"en-GB\",\"potentialAction\":[{\"@type\":\"ReadAction\",\"target\":[\"https:\/\/neidrider.de\/en\/ihre-anfrage\/\"]}]},{\"@type\":\"BreadcrumbList\",\"@id\":\"https:\/\/neidrider.de\/en\/ihre-anfrage\/#breadcrumb\",\"itemListElement\":[{\"@type\":\"ListItem\",\"position\":1,\"name\":\"Home\",\"item\":\"https:\/\/neidrider.de\/\"},{\"@type\":\"ListItem\",\"position\":2,\"name\":\"Ihre Anfrage\"}]},{\"@type\":\"WebSite\",\"@id\":\"https:\/\/neidrider.de\/en\/#website\",\"url\":\"https:\/\/neidrider.de\/en\/\",\"name\":\"NeidRider WebDesign PHP Programmierung Schulungen\",\"description\":\"\",\"publisher\":{\"@id\":\"https:\/\/neidrider.de\/en\/#organization\"},\"potentialAction\":[{\"@type\":\"SearchAction\",\"target\":{\"@type\":\"EntryPoint\",\"urlTemplate\":\"https:\/\/neidrider.de\/en\/?s={search_term_string}\"},\"query-input\":{\"@type\":\"PropertyValueSpecification\",\"valueRequired\":true,\"valueName\":\"search_term_string\"}}],\"inLanguage\":\"en-GB\"},{\"@type\":\"Organization\",\"@id\":\"https:\/\/neidrider.de\/en\/#organization\",\"name\":\"INVESTMENT COINS\",\"url\":\"https:\/\/neidrider.de\/en\/\",\"logo\":{\"@type\":\"ImageObject\",\"inLanguage\":\"en-GB\",\"@id\":\"https:\/\/neidrider.de\/en\/#\/schema\/logo\/image\/\",\"url\":\"https:\/\/neidrider.de\/wp-content\/uploads\/2021\/07\/logo2.png\",\"contentUrl\":\"https:\/\/neidrider.de\/wp-content\/uploads\/2021\/07\/logo2.png\",\"width\":450,\"height\":63,\"caption\":\"INVESTMENT COINS\"},\"image\":{\"@id\":\"https:\/\/neidrider.de\/en\/#\/schema\/logo\/image\/\"}}]}<\/script>\n<!-- \/ Yoast SEO plugin. -->","yoast_head_json":{"title":"Ihre Anfrage","description":"Ihre Anfrage Bitte verwenden Sie unser Kontaktformular f\u00fcr Ihre Anfrage.W\u00e4hrend unserer Gesch\u00e4ftszeiten beantworten wir alle Anfragen zeitnah.\u00a0In dringenden F\u00e4llen erreichen Sie uns auch per WhatsApp und unter unserer mobiler Telefonnummer:WhatsApp \/ Mobil - 0176.569 43 068","robots":{"index":"index","follow":"follow","max-snippet":"max-snippet:-1","max-image-preview":"max-image-preview:large","max-video-preview":"max-video-preview:-1"},"canonical":"Ihre Anfrage Bitte verwenden Sie unser Kontaktformular f\u00fcr Ihre Anfrage.W\u00e4hrend unserer Gesch\u00e4ftszeiten beantworten wir alle Anfragen zeitnah.\u00a0In dringenden F\u00e4llen erreichen Sie uns auch per WhatsApp und unter unserer mobiler Telefonnummer:WhatsApp \/ Mobil - 0176.569 43 068","og_locale":"en_GB","og_type":"article","og_title":"Ihre Anfrage","og_description":"Ihre Anfrage Bitte verwenden Sie unser Kontaktformular f\u00fcr Ihre Anfrage.W\u00e4hrend unserer Gesch\u00e4ftszeiten beantworten wir alle Anfragen zeitnah.\u00a0In dringenden F\u00e4llen erreichen Sie uns auch per WhatsApp und unter unserer mobiler Telefonnummer:WhatsApp \/ Mobil - 0176.569 43 068","og_url":"https:\/\/neidrider.de\/en\/ihre-anfrage\/","og_site_name":"NeidRider WebDesign PHP Programmierung Schulungen","article_modified_time":"2024-11-13T10:52:43+00:00","twitter_card":"summary_large_image","twitter_misc":{"Est. reading time":"1 minute"},"schema":{"@context":"https:\/\/schema.org","@graph":[{"@type":"WebPage","@id":"https:\/\/neidrider.de\/en\/ihre-anfrage\/","url":"https:\/\/neidrider.de\/en\/ihre-anfrage\/","name":"Ihre Anfrage | NeidRider WebDesign PHP Programmierung Schulungen","isPartOf":{"@id":"https:\/\/neidrider.de\/#website"},"datePublished":"2024-11-13T10:10:38+00:00","dateModified":"2024-11-13T10:52:43+00:00","description":"Ihre Anfrage Bitte verwenden Sie unser Kontaktformular f\u00fcr Ihre Anfrage.W\u00e4hrend unserer Gesch\u00e4ftszeiten beantworten wir alle Anfragen zeitnah.\u00a0In","breadcrumb":{"@id":"https:\/\/neidrider.de\/en\/ihre-anfrage\/#breadcrumb"},"inLanguage":"en-GB","potentialAction":[{"@type":"ReadAction","target":["https:\/\/neidrider.de\/en\/ihre-anfrage\/"]}]},{"@type":"BreadcrumbList","@id":"https:\/\/neidrider.de\/en\/ihre-anfrage\/#breadcrumb","itemListElement":[{"@type":"ListItem","position":1,"name":"Home","item":"https:\/\/neidrider.de\/"},{"@type":"ListItem","position":2,"name":"Ihre Anfrage"}]},{"@type":"WebSite","@id":"https:\/\/neidrider.de\/en\/#website","url":"https:\/\/neidrider.de\/en\/","name":"NeidRider WebDesign PHP Programmierung Schulungen","description":"","publisher":{"@id":"https:\/\/neidrider.de\/en\/#organization"},"potentialAction":[{"@type":"SearchAction","target":{"@type":"EntryPoint","urlTemplate":"https:\/\/neidrider.de\/en\/?s={search_term_string}"},"query-input":{"@type":"PropertyValueSpecification","valueRequired":true,"valueName":"search_term_string"}}],"inLanguage":"en-GB"},{"@type":"Organization","@id":"https:\/\/neidrider.de\/en\/#organization","name":"INVESTMENT COINS","url":"https:\/\/neidrider.de\/en\/","logo":{"@type":"ImageObject","inLanguage":"en-GB","@id":"https:\/\/neidrider.de\/en\/#\/schema\/logo\/image\/","url":"https:\/\/neidrider.de\/wp-content\/uploads\/2021\/07\/logo2.png","contentUrl":"https:\/\/neidrider.de\/wp-content\/uploads\/2021\/07\/logo2.png","width":450,"height":63,"caption":"INVESTMENT COINS"},"image":{"@id":"https:\/\/neidrider.de\/en\/#\/schema\/logo\/image\/"}}]}},"_links":{"self":[{"href":"https:\/\/neidrider.de\/en\/wp-json\/wp\/v2\/pages\/5208","targetHints":{"allow":["GET"]}}],"collection":[{"href":"https:\/\/neidrider.de\/en\/wp-json\/wp\/v2\/pages"}],"about":[{"href":"https:\/\/neidrider.de\/en\/wp-json\/wp\/v2\/types\/page"}],"author":[{"embeddable":true,"href":"https:\/\/neidrider.de\/en\/wp-json\/wp\/v2\/users\/1"}],"replies":[{"embeddable":true,"href":"https:\/\/neidrider.de\/en\/wp-json\/wp\/v2\/comments?post=5208"}],"version-history":[{"count":0,"href":"https:\/\/neidrider.de\/en\/wp-json\/wp\/v2\/pages\/5208\/revisions"}],"wp:attachment":[{"href":"https:\/\/neidrider.de\/en\/wp-json\/wp\/v2\/media?parent=5208"}],"curies":[{"name":"wp","href":"https:\/\/api.w.org\/{rel}","templated":true}]}}