{"id":4811,"date":"2023-05-17T16:13:10","date_gmt":"2023-05-17T16:13:10","guid":{"rendered":"https:\/\/neidrider.de\/?page_id=4811"},"modified":"2023-05-17T16:48:24","modified_gmt":"2023-05-17T16:48:24","slug":"referenzen-fdg-elements","status":"publish","type":"page","link":"https:\/\/neidrider.de\/en\/referenzen-fdg-elements\/","title":{"rendered":"Referenzen FDG Elements"},"content":{"rendered":"\t\t<div data-elementor-type=\"wp-page\" data-elementor-id=\"4811\" class=\"elementor elementor-4811\">\n\t\t\t\t\t\t<section class=\"elementor-section elementor-top-section elementor-element elementor-element-eefddb0 elementor-section-boxed elementor-section-height-default elementor-section-height-default\" data-id=\"eefddb0\" data-element_type=\"section\">\n\t\t\t\t\t\t<div class=\"elementor-container elementor-column-gap-default\">\n\t\t\t\t\t<div class=\"elementor-column elementor-col-100 elementor-top-column elementor-element elementor-element-6d0703f\" data-id=\"6d0703f\" data-element_type=\"column\">\n\t\t\t<div class=\"elementor-widget-wrap elementor-element-populated\">\n\t\t\t\t\t\t<div class=\"elementor-element elementor-element-95030fe elementor-widget elementor-widget-heading\" data-id=\"95030fe\" data-element_type=\"widget\" data-widget_type=\"heading.default\">\n\t\t\t\t<div class=\"elementor-widget-container\">\n\t\t\t\t\t<h1 class=\"elementor-heading-title elementor-size-default\">FDG ELEMENTS - ABGASANLAGEN UND CHIPTUNING<\/h1>\t\t\t\t<\/div>\n\t\t\t\t<\/div>\n\t\t\t\t\t<\/div>\n\t\t<\/div>\n\t\t\t\t\t<\/div>\n\t\t<\/section>\n\t\t\t\t<section class=\"elementor-section elementor-top-section elementor-element elementor-element-27bc032 elementor-section-boxed elementor-section-height-default elementor-section-height-default\" data-id=\"27bc032\" data-element_type=\"section\">\n\t\t\t\t\t\t<div class=\"elementor-container elementor-column-gap-default\">\n\t\t\t\t\t<div class=\"elementor-column elementor-col-50 elementor-top-column elementor-element elementor-element-66cd765\" data-id=\"66cd765\" data-element_type=\"column\">\n\t\t\t<div class=\"elementor-widget-wrap elementor-element-populated\">\n\t\t\t\t\t\t<div class=\"elementor-element elementor-element-4859dbb elementor-widget elementor-widget-text-editor\" data-id=\"4859dbb\" data-element_type=\"widget\" data-widget_type=\"text-editor.default\">\n\t\t\t\t<div class=\"elementor-widget-container\">\n\t\t\t\t\t\t\t\t\t<p>F\u00fcr die Firma FDG Elements erstellten wir nach Kundenvorgaben die neue Homepage. Texte und Gro\u00dfteil der Bilder lieferte der Kunde.\u00a0<\/p><p>Die inhaltliche Pflege der Seite erfolgt durch den Kunden selbst. Die Homepage ist so konzipiert, dass der Kunde s\u00e4mtliche Inhalte schnell und einfach \u00e4ndern kann.\u00a0<\/p><p>Wir betreuen die Seite technisch<\/p>\t\t\t\t\t\t\t\t<\/div>\n\t\t\t\t<\/div>\n\t\t\t\t\t<\/div>\n\t\t<\/div>\n\t\t\t\t<div class=\"elementor-column elementor-col-50 elementor-top-column elementor-element elementor-element-c0fdee7\" data-id=\"c0fdee7\" data-element_type=\"column\" data-settings=\"{&quot;background_background&quot;:&quot;slideshow&quot;,&quot;background_slideshow_gallery&quot;:[],&quot;background_slideshow_loop&quot;:&quot;yes&quot;,&quot;background_slideshow_slide_duration&quot;:5000,&quot;background_slideshow_slide_transition&quot;:&quot;fade&quot;,&quot;background_slideshow_transition_duration&quot;:500}\">\n\t\t\t<div class=\"elementor-widget-wrap elementor-element-populated\">\n\t\t\t\t\t\t<div class=\"elementor-element elementor-element-937371b elementor-widget elementor-widget-image\" data-id=\"937371b\" data-element_type=\"widget\" data-widget_type=\"image.default\">\n\t\t\t\t<div class=\"elementor-widget-container\">\n\t\t\t\t\t\t\t\t\t\t\t\t\t\t\t<img fetchpriority=\"high\" decoding=\"async\" width=\"600\" height=\"437\" src=\"https:\/\/neidrider.de\/wp-content\/uploads\/2023\/05\/fdg-elements.png\" class=\"attachment-large size-large wp-image-4803\" alt=\"\" srcset=\"https:\/\/neidrider.de\/wp-content\/uploads\/2023\/05\/fdg-elements.png 600w, https:\/\/neidrider.de\/wp-content\/uploads\/2023\/05\/fdg-elements-400x291.png 400w, https:\/\/neidrider.de\/wp-content\/uploads\/2023\/05\/fdg-elements-250x182.png 250w\" sizes=\"(max-width: 600px) 100vw, 600px\" \/>\t\t\t\t\t\t\t\t\t\t\t\t\t\t\t<\/div>\n\t\t\t\t<\/div>\n\t\t\t\t<div class=\"elementor-element elementor-element-e0a7438 elementor-widget elementor-widget-text-editor\" data-id=\"e0a7438\" data-element_type=\"widget\" data-widget_type=\"text-editor.default\">\n\t\t\t\t<div class=\"elementor-widget-container\">\n\t\t\t\t\t\t\t\t\t<h2 class=\"font_black\">FDG Elements<\/h2>\n<a href=\"https:\/\/www.fdg-elements.de\" target=\"_blank\" rel=\"noopener\">FDG Elements<\/a> sind Experten f\u00fcr Abgasanlagen und Chiptuning und einer der f\u00fchrenden Anbietern in diesem Bereich in NRW und Deutschland weit.\t\t\t\t\t\t\t\t<\/div>\n\t\t\t\t<\/div>\n\t\t\t\t<div class=\"elementor-element elementor-element-b1c7caa elementor-align-right elementor-widget elementor-widget-button\" data-id=\"b1c7caa\" data-element_type=\"widget\" data-widget_type=\"button.default\">\n\t\t\t\t<div class=\"elementor-widget-container\">\n\t\t\t\t\t\t\t\t\t<div class=\"elementor-button-wrapper\">\n\t\t\t\t\t<a class=\"elementor-button elementor-button-link elementor-size-sm\" href=\"https:\/\/neidrider.de\/suchmaschinen-optimierung\/\">\n\t\t\t\t\t\t<span class=\"elementor-button-content-wrapper\">\n\t\t\t\t\t\t\t\t\t<span class=\"elementor-button-text\">mehr<\/span>\n\t\t\t\t\t<\/span>\n\t\t\t\t\t<\/a>\n\t\t\t\t<\/div>\n\t\t\t\t\t\t\t\t<\/div>\n\t\t\t\t<\/div>\n\t\t\t\t\t<\/div>\n\t\t<\/div>\n\t\t\t\t\t<\/div>\n\t\t<\/section>\n\t\t\t\t<section class=\"elementor-section elementor-top-section elementor-element elementor-element-efa27cd elementor-section-boxed elementor-section-height-default elementor-section-height-default\" data-id=\"efa27cd\" data-element_type=\"section\" data-settings=\"{&quot;background_background&quot;:&quot;classic&quot;}\">\n\t\t\t\t\t\t<div class=\"elementor-container elementor-column-gap-default\">\n\t\t\t\t\t<div class=\"elementor-column elementor-col-50 elementor-top-column elementor-element elementor-element-62cc63b\" data-id=\"62cc63b\" data-element_type=\"column\">\n\t\t\t<div class=\"elementor-widget-wrap elementor-element-populated\">\n\t\t\t\t\t\t<div class=\"elementor-element elementor-element-ded3f10 elementor-widget elementor-widget-text-editor\" data-id=\"ded3f10\" data-element_type=\"widget\" data-widget_type=\"text-editor.default\">\n\t\t\t\t<div class=\"elementor-widget-container\">\n\t\t\t\t\t\t\t\t\t<h2 class=\"font_black\">\u00dcber FDG Elements<\/h2>\t\t\t\t\t\t\t\t<\/div>\n\t\t\t\t<\/div>\n\t\t\t\t<div class=\"elementor-element elementor-element-6c9792b elementor-widget elementor-widget-text-editor\" data-id=\"6c9792b\" data-element_type=\"widget\" data-widget_type=\"text-editor.default\">\n\t\t\t\t<div class=\"elementor-widget-container\">\n\t\t\t\t\t\t\t\t\t<p>FDG Elements verf\u00fcgt \u00fcber ein weites Netzwerk im gesamten NRW Gebiet. So k\u00f6nnen sie \u00a0Ihnen individuelle Abgasanlagen und Chiptuning (Leistungssteigerung) \u00a0f\u00fcr Ihr Fahrzeug in folgenden Regionen anbieten:<\/p>\t\t\t\t\t\t\t\t<\/div>\n\t\t\t\t<\/div>\n\t\t\t\t<div class=\"elementor-element elementor-element-ee1364f elementor-widget elementor-widget-text-editor\" data-id=\"ee1364f\" data-element_type=\"widget\" data-widget_type=\"text-editor.default\">\n\t\t\t\t<div class=\"elementor-widget-container\">\n\t\t\t\t\t\t\t\t\t<ul><li><a href=\"https:\/\/fdg-elements.de\/chiptuning-in-bochum\" target=\"_blank\" rel=\"noopener\">Bochum<\/a><\/li><li><a href=\"https:\/\/fdg-elements.de\/chiptuning-in-duisburg\" target=\"_blank\" rel=\"noopener\" class=\"broken_link\">Duisburg<\/a><\/li><li><a href=\"https:\/\/fdg-elements.de\/chiptuning-in-dortmund\" target=\"_blank\" rel=\"noopener\">Dortmund<\/a><\/li><li><a href=\"https:\/\/fdg-elements.de\/chiptuning-in-duesseldorf\" target=\"_blank\" rel=\"noopener\">D\u00fcsseldorf<\/a><\/li><li><a href=\"https:\/\/fdg-elements.de\/chiptuning-in-essen\" target=\"_blank\" rel=\"noopener\">Essen<\/a><\/li><li><a href=\"https:\/\/fdg-elements.de\/chiptuning-in-gelsenkirchen\" target=\"_blank\" rel=\"noopener\">Gelsenkirchen<\/a><\/li><li><a href=\"https:\/\/fdg-elements.de\/chiptuning-in-herne\" target=\"_blank\" rel=\"noopener\">Herne<\/a><\/li><li><a href=\"https:\/\/fdg-elements.de\/chiptuning-in-krefeld\" target=\"_blank\" rel=\"noopener\">Krefeld<\/a><\/li><li>\u00a0<a href=\"https:\/\/fdg-elements.de\/chiptuning-in-neuss\" target=\"_blank\" rel=\"noopener\">Neuss<\/a><\/li><li>\u00a0<a href=\"https:\/\/fdg-elements.de\/chiptuning-in-oberhausen\" target=\"_blank\" rel=\"noopener\">Oberhausen<\/a><\/li><li><a href=\"https:\/\/fdg-elements.de\/chiptuning-in-voerde\" target=\"_blank\" rel=\"noopener\">Voerde<\/a><\/li><li><a href=\"https:\/\/fdg-elements.de\/chiptuning-in-wesel\" target=\"_blank\" rel=\"noopener\">Wesel<\/a><\/li><\/ul>\t\t\t\t\t\t\t\t<\/div>\n\t\t\t\t<\/div>\n\t\t\t\t\t<\/div>\n\t\t<\/div>\n\t\t\t\t<div class=\"elementor-column elementor-col-50 elementor-top-column elementor-element elementor-element-615df81\" data-id=\"615df81\" data-element_type=\"column\">\n\t\t\t<div class=\"elementor-widget-wrap elementor-element-populated\">\n\t\t\t\t\t\t<div class=\"elementor-element elementor-element-6e06215 elementor-widget elementor-widget-image\" data-id=\"6e06215\" data-element_type=\"widget\" data-widget_type=\"image.default\">\n\t\t\t\t<div class=\"elementor-widget-container\">\n\t\t\t\t\t\t\t\t\t\t\t\t\t\t\t<img decoding=\"async\" width=\"569\" height=\"558\" src=\"https:\/\/neidrider.de\/wp-content\/uploads\/2023\/05\/abgasanlagen-nrw.png\" class=\"attachment-large size-large wp-image-4826\" alt=\"FDG Elements\" srcset=\"https:\/\/neidrider.de\/wp-content\/uploads\/2023\/05\/abgasanlagen-nrw.png 569w, https:\/\/neidrider.de\/wp-content\/uploads\/2023\/05\/abgasanlagen-nrw-400x392.png 400w, https:\/\/neidrider.de\/wp-content\/uploads\/2023\/05\/abgasanlagen-nrw-250x245.png 250w\" sizes=\"(max-width: 569px) 100vw, 569px\" \/>\t\t\t\t\t\t\t\t\t\t\t\t\t\t\t<\/div>\n\t\t\t\t<\/div>\n\t\t\t\t\t<\/div>\n\t\t<\/div>\n\t\t\t\t\t<\/div>\n\t\t<\/section>\n\t\t\t\t<\/div>\n\t\t","protected":false},"excerpt":{"rendered":"<p>FDG ELEMENTS &#8211; ABGASANLAGEN UND CHIPTUNING F\u00fcr die Firma FDG Elements erstellten wir nach Kundenvorgaben die neue Homepage. Texte und Gro\u00dfteil der Bilder lieferte der Kunde.\u00a0 Die inhaltliche Pflege der Seite erfolgt durch den Kunden selbst. Die Homepage ist so konzipiert, dass der Kunde s\u00e4mtliche Inhalte schnell und einfach \u00e4ndern kann.\u00a0 Wir betreuen die Seite [&hellip;]<\/p>\n","protected":false},"author":1,"featured_media":0,"parent":0,"menu_order":0,"comment_status":"closed","ping_status":"closed","template":"elementor_header_footer","meta":{"ocean_post_layout":"","ocean_both_sidebars_style":"","ocean_both_sidebars_content_width":0,"ocean_both_sidebars_sidebars_width":0,"ocean_sidebar":"0","ocean_second_sidebar":"0","ocean_disable_margins":"enable","ocean_add_body_class":"","ocean_shortcode_before_top_bar":"","ocean_shortcode_after_top_bar":"","ocean_shortcode_before_header":"","ocean_shortcode_after_header":"","ocean_has_shortcode":"","ocean_shortcode_after_title":"","ocean_shortcode_before_footer_widgets":"","ocean_shortcode_after_footer_widgets":"","ocean_shortcode_before_footer_bottom":"","ocean_shortcode_after_footer_bottom":"","ocean_display_top_bar":"default","ocean_display_header":"default","ocean_header_style":"","ocean_center_header_left_menu":"0","ocean_custom_header_template":"0","ocean_custom_logo":0,"ocean_custom_retina_logo":0,"ocean_custom_logo_max_width":0,"ocean_custom_logo_tablet_max_width":0,"ocean_custom_logo_mobile_max_width":0,"ocean_custom_logo_max_height":0,"ocean_custom_logo_tablet_max_height":0,"ocean_custom_logo_mobile_max_height":0,"ocean_header_custom_menu":"0","ocean_menu_typo_font_family":"0","ocean_menu_typo_font_subset":"","ocean_menu_typo_font_size":0,"ocean_menu_typo_font_size_tablet":0,"ocean_menu_typo_font_size_mobile":0,"ocean_menu_typo_font_size_unit":"px","ocean_menu_typo_font_weight":"","ocean_menu_typo_font_weight_tablet":"","ocean_menu_typo_font_weight_mobile":"","ocean_menu_typo_transform":"","ocean_menu_typo_transform_tablet":"","ocean_menu_typo_transform_mobile":"","ocean_menu_typo_line_height":0,"ocean_menu_typo_line_height_tablet":0,"ocean_menu_typo_line_height_mobile":0,"ocean_menu_typo_line_height_unit":"","ocean_menu_typo_spacing":0,"ocean_menu_typo_spacing_tablet":0,"ocean_menu_typo_spacing_mobile":0,"ocean_menu_typo_spacing_unit":"","ocean_menu_link_color":"","ocean_menu_link_color_hover":"","ocean_menu_link_color_active":"","ocean_menu_link_background":"","ocean_menu_link_hover_background":"","ocean_menu_link_active_background":"","ocean_menu_social_links_bg":"","ocean_menu_social_hover_links_bg":"","ocean_menu_social_links_color":"","ocean_menu_social_hover_links_color":"","ocean_disable_title":"default","ocean_disable_heading":"on","ocean_post_title":"","ocean_post_subheading":"","ocean_post_title_style":"","ocean_post_title_background_color":"","ocean_post_title_background":0,"ocean_post_title_bg_image_position":"","ocean_post_title_bg_image_attachment":"","ocean_post_title_bg_image_repeat":"","ocean_post_title_bg_image_size":"","ocean_post_title_height":0,"ocean_post_title_bg_overlay":0.5,"ocean_post_title_bg_overlay_color":"","ocean_disable_breadcrumbs":"default","ocean_breadcrumbs_color":"","ocean_breadcrumbs_separator_color":"","ocean_breadcrumbs_links_color":"","ocean_breadcrumbs_links_hover_color":"","ocean_display_footer_widgets":"default","ocean_display_footer_bottom":"default","ocean_custom_footer_template":"0","omw_enable_modal_window":"enable","footnotes":""},"class_list":["post-4811","page","type-page","status-publish","hentry","entry"],"yoast_head":"<!-- This site is optimized with the Yoast SEO plugin v25.7 - https:\/\/yoast.com\/wordpress\/plugins\/seo\/ -->\n<title>Referenzen WebDesign - FDG Elements<\/title>\n<meta name=\"description\" content=\"WebDesign und Programmierung, Online Shop Systeme, WordPress Installationen, individuelle Programmierung (MySQL, PHP, JavaScript, HTML, CSS).\" \/>\n<meta name=\"robots\" content=\"index, follow, max-snippet:-1, max-image-preview:large, max-video-preview:-1\" \/>\n<link rel=\"canonical\" href=\"http:\/\/FDG%20ELEMENTS%20-%20ABGASANLAGEN%20UND%20CHIPTUNING%20F\u00fcr%20die%20Firma%20FDG%20Elements%20erstellten%20wir%20nach%20Kundenvorgaben%20die%20neue%20Homepage.%20Texte%20und%20Gro\u00dfteil%20der%20Bilder%20lieferte%20der%20Kunde.\u00a0Die%20inhaltliche%20Pflege%20der%20Seite%20erfolgt%20durch%20den%20Kunden%20selbst.%20Die%20Homepage%20ist%20so%20konzipiert,%20dass%20der%20Kunde%20s\u00e4mtliche%20Inhalte%20schnell%20und%20einfach%20\u00e4ndern%20kann.\u00a0Wir%20betreuen%20die%20Seite%20technisch%20FDG&hellip;\" \/>\n<meta property=\"og:locale\" content=\"en_GB\" \/>\n<meta property=\"og:type\" content=\"article\" \/>\n<meta property=\"og:title\" content=\"Referenzen WebDesign - FDG Elements\" \/>\n<meta property=\"og:description\" content=\"WebDesign und Programmierung, Online Shop Systeme, WordPress Installationen, individuelle Programmierung (MySQL, PHP, JavaScript, HTML, CSS).\" \/>\n<meta property=\"og:url\" content=\"https:\/\/neidrider.de\/en\/referenzen-fdg-elements\/\" \/>\n<meta property=\"og:site_name\" content=\"NeidRider WebDesign PHP Programmierung Schulungen\" \/>\n<meta property=\"article:modified_time\" content=\"2023-05-17T16:48:24+00:00\" \/>\n<meta property=\"og:image\" content=\"https:\/\/neidrider.de\/wp-content\/uploads\/2023\/05\/fdg-elements.png\" \/>\n<meta name=\"twitter:card\" content=\"summary_large_image\" \/>\n<meta name=\"twitter:label1\" content=\"Est. reading time\" \/>\n\t<meta name=\"twitter:data1\" content=\"1 minute\" \/>\n<script type=\"application\/ld+json\" class=\"yoast-schema-graph\">{\"@context\":\"https:\/\/schema.org\",\"@graph\":[{\"@type\":\"WebPage\",\"@id\":\"https:\/\/neidrider.de\/en\/referenzen-fdg-elements\/\",\"url\":\"https:\/\/neidrider.de\/en\/referenzen-fdg-elements\/\",\"name\":\"Referenzen WebDesign - FDG Elements\",\"isPartOf\":{\"@id\":\"https:\/\/neidrider.de\/#website\"},\"primaryImageOfPage\":{\"@id\":\"https:\/\/neidrider.de\/en\/referenzen-fdg-elements\/#primaryimage\"},\"image\":{\"@id\":\"https:\/\/neidrider.de\/en\/referenzen-fdg-elements\/#primaryimage\"},\"thumbnailUrl\":\"https:\/\/neidrider.de\/wp-content\/uploads\/2023\/05\/fdg-elements.png\",\"datePublished\":\"2023-05-17T16:13:10+00:00\",\"dateModified\":\"2023-05-17T16:48:24+00:00\",\"description\":\"WebDesign und Programmierung, Online Shop Systeme, WordPress Installationen, individuelle Programmierung (MySQL, PHP, JavaScript, HTML, CSS).\",\"breadcrumb\":{\"@id\":\"https:\/\/neidrider.de\/en\/referenzen-fdg-elements\/#breadcrumb\"},\"inLanguage\":\"en-GB\",\"potentialAction\":[{\"@type\":\"ReadAction\",\"target\":[\"https:\/\/neidrider.de\/en\/referenzen-fdg-elements\/\"]}]},{\"@type\":\"ImageObject\",\"inLanguage\":\"en-GB\",\"@id\":\"https:\/\/neidrider.de\/en\/referenzen-fdg-elements\/#primaryimage\",\"url\":\"https:\/\/neidrider.de\/wp-content\/uploads\/2023\/05\/fdg-elements.png\",\"contentUrl\":\"https:\/\/neidrider.de\/wp-content\/uploads\/2023\/05\/fdg-elements.png\"},{\"@type\":\"BreadcrumbList\",\"@id\":\"https:\/\/neidrider.de\/en\/referenzen-fdg-elements\/#breadcrumb\",\"itemListElement\":[{\"@type\":\"ListItem\",\"position\":1,\"name\":\"Home\",\"item\":\"https:\/\/neidrider.de\/\"},{\"@type\":\"ListItem\",\"position\":2,\"name\":\"Referenzen FDG Elements\"}]},{\"@type\":\"WebSite\",\"@id\":\"https:\/\/neidrider.de\/en\/#website\",\"url\":\"https:\/\/neidrider.de\/en\/\",\"name\":\"NeidRider WebDesign PHP Programmierung Schulungen\",\"description\":\"\",\"publisher\":{\"@id\":\"https:\/\/neidrider.de\/en\/#organization\"},\"potentialAction\":[{\"@type\":\"SearchAction\",\"target\":{\"@type\":\"EntryPoint\",\"urlTemplate\":\"https:\/\/neidrider.de\/en\/?s={search_term_string}\"},\"query-input\":{\"@type\":\"PropertyValueSpecification\",\"valueRequired\":true,\"valueName\":\"search_term_string\"}}],\"inLanguage\":\"en-GB\"},{\"@type\":\"Organization\",\"@id\":\"https:\/\/neidrider.de\/en\/#organization\",\"name\":\"INVESTMENT COINS\",\"url\":\"https:\/\/neidrider.de\/en\/\",\"logo\":{\"@type\":\"ImageObject\",\"inLanguage\":\"en-GB\",\"@id\":\"https:\/\/neidrider.de\/en\/#\/schema\/logo\/image\/\",\"url\":\"https:\/\/neidrider.de\/wp-content\/uploads\/2021\/07\/logo2.png\",\"contentUrl\":\"https:\/\/neidrider.de\/wp-content\/uploads\/2021\/07\/logo2.png\",\"width\":450,\"height\":63,\"caption\":\"INVESTMENT COINS\"},\"image\":{\"@id\":\"https:\/\/neidrider.de\/en\/#\/schema\/logo\/image\/\"}}]}<\/script>\n<!-- \/ Yoast SEO plugin. -->","yoast_head_json":{"title":"Referenzen WebDesign - FDG Elements","description":"WebDesign und Programmierung, Online Shop Systeme, WordPress Installationen, individuelle Programmierung (MySQL, PHP, JavaScript, HTML, CSS).","robots":{"index":"index","follow":"follow","max-snippet":"max-snippet:-1","max-image-preview":"max-image-preview:large","max-video-preview":"max-video-preview:-1"},"canonical":"FDG ELEMENTS - ABGASANLAGEN UND CHIPTUNING F\u00fcr die Firma FDG Elements erstellten wir nach Kundenvorgaben die neue Homepage. Texte und Gro\u00dfteil der Bilder lieferte der Kunde.\u00a0Die inhaltliche Pflege der Seite erfolgt durch den Kunden selbst. Die Homepage ist so konzipiert, dass der Kunde s\u00e4mtliche Inhalte schnell und einfach \u00e4ndern kann.\u00a0Wir betreuen die Seite technisch FDG&hellip;","og_locale":"en_GB","og_type":"article","og_title":"Referenzen WebDesign - FDG Elements","og_description":"WebDesign und Programmierung, Online Shop Systeme, WordPress Installationen, individuelle Programmierung (MySQL, PHP, JavaScript, HTML, CSS).","og_url":"https:\/\/neidrider.de\/en\/referenzen-fdg-elements\/","og_site_name":"NeidRider WebDesign PHP Programmierung Schulungen","article_modified_time":"2023-05-17T16:48:24+00:00","og_image":[{"url":"https:\/\/neidrider.de\/wp-content\/uploads\/2023\/05\/fdg-elements.png","type":"","width":"","height":""}],"twitter_card":"summary_large_image","twitter_misc":{"Est. reading time":"1 minute"},"schema":{"@context":"https:\/\/schema.org","@graph":[{"@type":"WebPage","@id":"https:\/\/neidrider.de\/en\/referenzen-fdg-elements\/","url":"https:\/\/neidrider.de\/en\/referenzen-fdg-elements\/","name":"Referenzen WebDesign - FDG Elements","isPartOf":{"@id":"https:\/\/neidrider.de\/#website"},"primaryImageOfPage":{"@id":"https:\/\/neidrider.de\/en\/referenzen-fdg-elements\/#primaryimage"},"image":{"@id":"https:\/\/neidrider.de\/en\/referenzen-fdg-elements\/#primaryimage"},"thumbnailUrl":"https:\/\/neidrider.de\/wp-content\/uploads\/2023\/05\/fdg-elements.png","datePublished":"2023-05-17T16:13:10+00:00","dateModified":"2023-05-17T16:48:24+00:00","description":"WebDesign und Programmierung, Online Shop Systeme, WordPress Installationen, individuelle Programmierung (MySQL, PHP, JavaScript, HTML, CSS).","breadcrumb":{"@id":"https:\/\/neidrider.de\/en\/referenzen-fdg-elements\/#breadcrumb"},"inLanguage":"en-GB","potentialAction":[{"@type":"ReadAction","target":["https:\/\/neidrider.de\/en\/referenzen-fdg-elements\/"]}]},{"@type":"ImageObject","inLanguage":"en-GB","@id":"https:\/\/neidrider.de\/en\/referenzen-fdg-elements\/#primaryimage","url":"https:\/\/neidrider.de\/wp-content\/uploads\/2023\/05\/fdg-elements.png","contentUrl":"https:\/\/neidrider.de\/wp-content\/uploads\/2023\/05\/fdg-elements.png"},{"@type":"BreadcrumbList","@id":"https:\/\/neidrider.de\/en\/referenzen-fdg-elements\/#breadcrumb","itemListElement":[{"@type":"ListItem","position":1,"name":"Home","item":"https:\/\/neidrider.de\/"},{"@type":"ListItem","position":2,"name":"Referenzen FDG Elements"}]},{"@type":"WebSite","@id":"https:\/\/neidrider.de\/en\/#website","url":"https:\/\/neidrider.de\/en\/","name":"NeidRider WebDesign PHP Programmierung Schulungen","description":"","publisher":{"@id":"https:\/\/neidrider.de\/en\/#organization"},"potentialAction":[{"@type":"SearchAction","target":{"@type":"EntryPoint","urlTemplate":"https:\/\/neidrider.de\/en\/?s={search_term_string}"},"query-input":{"@type":"PropertyValueSpecification","valueRequired":true,"valueName":"search_term_string"}}],"inLanguage":"en-GB"},{"@type":"Organization","@id":"https:\/\/neidrider.de\/en\/#organization","name":"INVESTMENT COINS","url":"https:\/\/neidrider.de\/en\/","logo":{"@type":"ImageObject","inLanguage":"en-GB","@id":"https:\/\/neidrider.de\/en\/#\/schema\/logo\/image\/","url":"https:\/\/neidrider.de\/wp-content\/uploads\/2021\/07\/logo2.png","contentUrl":"https:\/\/neidrider.de\/wp-content\/uploads\/2021\/07\/logo2.png","width":450,"height":63,"caption":"INVESTMENT COINS"},"image":{"@id":"https:\/\/neidrider.de\/en\/#\/schema\/logo\/image\/"}}]}},"_links":{"self":[{"href":"https:\/\/neidrider.de\/en\/wp-json\/wp\/v2\/pages\/4811","targetHints":{"allow":["GET"]}}],"collection":[{"href":"https:\/\/neidrider.de\/en\/wp-json\/wp\/v2\/pages"}],"about":[{"href":"https:\/\/neidrider.de\/en\/wp-json\/wp\/v2\/types\/page"}],"author":[{"embeddable":true,"href":"https:\/\/neidrider.de\/en\/wp-json\/wp\/v2\/users\/1"}],"replies":[{"embeddable":true,"href":"https:\/\/neidrider.de\/en\/wp-json\/wp\/v2\/comments?post=4811"}],"version-history":[{"count":0,"href":"https:\/\/neidrider.de\/en\/wp-json\/wp\/v2\/pages\/4811\/revisions"}],"wp:attachment":[{"href":"https:\/\/neidrider.de\/en\/wp-json\/wp\/v2\/media?parent=4811"}],"curies":[{"name":"wp","href":"https:\/\/api.w.org\/{rel}","templated":true}]}}