{"id":4010,"date":"2022-05-19T17:41:22","date_gmt":"2022-05-19T17:41:22","guid":{"rendered":"https:\/\/neidrider.de\/?page_id=4010"},"modified":"2023-01-07T03:15:26","modified_gmt":"2023-01-07T03:15:26","slug":"php-schulungen-in-ganz-nrw","status":"publish","type":"page","link":"https:\/\/neidrider.de\/en\/php-schulungen-in-ganz-nrw\/","title":{"rendered":"PHP Schulungen in NRW"},"content":{"rendered":"\t\t<div data-elementor-type=\"wp-page\" data-elementor-id=\"4010\" class=\"elementor elementor-4010\">\n\t\t\t\t\t\t<section class=\"elementor-section elementor-top-section elementor-element elementor-element-dc42561 elementor-section-boxed elementor-section-height-default elementor-section-height-default\" data-id=\"dc42561\" data-element_type=\"section\">\n\t\t\t\t\t\t<div class=\"elementor-container elementor-column-gap-default\">\n\t\t\t\t\t<div class=\"elementor-column elementor-col-100 elementor-top-column elementor-element elementor-element-4564c8e\" data-id=\"4564c8e\" data-element_type=\"column\">\n\t\t\t<div class=\"elementor-widget-wrap elementor-element-populated\">\n\t\t\t\t\t\t<div class=\"elementor-element elementor-element-9ec4bf4 elementor-widget elementor-widget-heading\" data-id=\"9ec4bf4\" data-element_type=\"widget\" data-widget_type=\"heading.default\">\n\t\t\t\t<div class=\"elementor-widget-container\">\n\t\t\t\t\t<h1 class=\"elementor-heading-title elementor-size-default\">PHP Schulungen in NRW<\/h1>\t\t\t\t<\/div>\n\t\t\t\t<\/div>\n\t\t\t\t\t<\/div>\n\t\t<\/div>\n\t\t\t\t\t<\/div>\n\t\t<\/section>\n\t\t\t\t<section class=\"elementor-section elementor-top-section elementor-element elementor-element-352a242 elementor-section-boxed elementor-section-height-default elementor-section-height-default\" data-id=\"352a242\" data-element_type=\"section\">\n\t\t\t\t\t\t<div class=\"elementor-container elementor-column-gap-default\">\n\t\t\t\t\t<div class=\"elementor-column elementor-col-50 elementor-top-column elementor-element elementor-element-6821fd2\" data-id=\"6821fd2\" data-element_type=\"column\">\n\t\t\t<div class=\"elementor-widget-wrap elementor-element-populated\">\n\t\t\t\t\t\t<div class=\"elementor-element elementor-element-487f810 elementor-widget elementor-widget-text-editor\" data-id=\"487f810\" data-element_type=\"widget\" data-widget_type=\"text-editor.default\">\n\t\t\t\t<div class=\"elementor-widget-container\">\n\t\t\t\t\t\t\t\t\t<p>PHP Schulungen in ganz NRW geh\u00f6ren zu unserem Portfolio seit \u00fcber 23 Jahren.<\/p>\n<p>Lernen Sie schnell objektorientiert PHP zu programmieren in einer kompakten auf Effizienz getrimmten <a href=\"https:\/\/neidrider.de\/anfrage-2\/\">Schulung<\/a>.<\/p>\n<p>PHP ist eine der am h\u00e4ufigsten verwendeten Programmiersprachen im Web. Sie ist leicht zu lernen und bietet viele M\u00f6glichkeiten, um dynamische Websites und Anwendungen zu erstellen.<\/p>\n<h2>PHP Lernen<\/h2>\n<p>Wenn Sie PHP lernen m\u00f6chten, gibt es viele M\u00f6glichkeiten, wie Sie dies tun k\u00f6nnen. Eine Option ist es, an einer PHP Schulung teilzunehmen. Diese Art von Kurs bietet in der Regel eine strukturierte und umfassende Einf\u00fchrung in die Programmiersprache.<\/p>\n<p>Sie lernen nicht nur die Grundlagen von PHP, \u00a0sondern auch fortgeschrittene Konzepte wie objektorientierte Programmierung.<\/p>\n<p>\u00a0<\/p>\t\t\t\t\t\t\t\t<\/div>\n\t\t\t\t<\/div>\n\t\t\t\t\t<\/div>\n\t\t<\/div>\n\t\t\t\t<div class=\"elementor-column elementor-col-50 elementor-top-column elementor-element elementor-element-5994196\" data-id=\"5994196\" data-element_type=\"column\">\n\t\t\t<div class=\"elementor-widget-wrap elementor-element-populated\">\n\t\t\t\t\t\t<div class=\"elementor-element elementor-element-0702e71 elementor-widget elementor-widget-image\" data-id=\"0702e71\" data-element_type=\"widget\" data-widget_type=\"image.default\">\n\t\t\t\t<div class=\"elementor-widget-container\">\n\t\t\t\t\t\t\t\t\t\t\t\t\t\t\t<img fetchpriority=\"high\" decoding=\"async\" width=\"900\" height=\"601\" src=\"https:\/\/neidrider.de\/wp-content\/uploads\/2023\/01\/php-schulung.jpg\" class=\"attachment-large size-large wp-image-4446\" alt=\"PHP Schulungen Oberhausen\" srcset=\"https:\/\/neidrider.de\/wp-content\/uploads\/2023\/01\/php-schulung.jpg 900w, https:\/\/neidrider.de\/wp-content\/uploads\/2023\/01\/php-schulung-400x267.jpg 400w, https:\/\/neidrider.de\/wp-content\/uploads\/2023\/01\/php-schulung-250x167.jpg 250w, https:\/\/neidrider.de\/wp-content\/uploads\/2023\/01\/php-schulung-768x513.jpg 768w\" sizes=\"(max-width: 900px) 100vw, 900px\" \/>\t\t\t\t\t\t\t\t\t\t\t\t\t\t\t<\/div>\n\t\t\t\t<\/div>\n\t\t\t\t\t<\/div>\n\t\t<\/div>\n\t\t\t\t\t<\/div>\n\t\t<\/section>\n\t\t\t\t<section class=\"elementor-section elementor-top-section elementor-element elementor-element-d807204 elementor-section-boxed elementor-section-height-default elementor-section-height-default\" data-id=\"d807204\" data-element_type=\"section\">\n\t\t\t\t\t\t<div class=\"elementor-container elementor-column-gap-default\">\n\t\t\t\t\t<div class=\"elementor-column elementor-col-100 elementor-top-column elementor-element elementor-element-02f4cf0\" data-id=\"02f4cf0\" data-element_type=\"column\" data-settings=\"{&quot;background_background&quot;:&quot;classic&quot;}\">\n\t\t\t<div class=\"elementor-widget-wrap elementor-element-populated\">\n\t\t\t\t\t\t<section class=\"elementor-section elementor-inner-section elementor-element elementor-element-4f14278 elementor-section-boxed elementor-section-height-default elementor-section-height-default\" data-id=\"4f14278\" data-element_type=\"section\" data-settings=\"{&quot;background_background&quot;:&quot;classic&quot;}\">\n\t\t\t\t\t\t<div class=\"elementor-container elementor-column-gap-default\">\n\t\t\t\t\t<div class=\"elementor-column elementor-col-50 elementor-inner-column elementor-element elementor-element-c6290fb\" data-id=\"c6290fb\" data-element_type=\"column\">\n\t\t\t<div class=\"elementor-widget-wrap elementor-element-populated\">\n\t\t\t\t\t\t<div class=\"elementor-element elementor-element-2e40d95 elementor-widget elementor-widget-heading\" data-id=\"2e40d95\" data-element_type=\"widget\" data-widget_type=\"heading.default\">\n\t\t\t\t<div class=\"elementor-widget-container\">\n\t\t\t\t\t<h2 class=\"elementor-heading-title elementor-size-default\">FIRMENSEMINARE ZUM PAUSCHALPREIS<\/h2>\t\t\t\t<\/div>\n\t\t\t\t<\/div>\n\t\t\t\t<div class=\"elementor-element elementor-element-43b44be elementor-widget elementor-widget-text-editor\" data-id=\"43b44be\" data-element_type=\"widget\" data-widget_type=\"text-editor.default\">\n\t\t\t\t<div class=\"elementor-widget-container\">\n\t\t\t\t\t\t\t\t\t<p><strong>6 TEILNEHMER 1 PREIS<\/strong><\/p><p>Eine komplette Schulung f\u00fcr <strong>bis zu 6 Ihrer Mitarbeiter<\/strong> zusammen f\u00fcr <span style=\"text-decoration: underline;\"><strong>nur 600,00 \u20ac<\/strong><\/span> pro Tag!<\/p>\t\t\t\t\t\t\t\t<\/div>\n\t\t\t\t<\/div>\n\t\t\t\t<div class=\"elementor-element elementor-element-6c237fc elementor-align-left elementor-widget elementor-widget-button\" data-id=\"6c237fc\" data-element_type=\"widget\" data-widget_type=\"button.default\">\n\t\t\t\t<div class=\"elementor-widget-container\">\n\t\t\t\t\t\t\t\t\t<div class=\"elementor-button-wrapper\">\n\t\t\t\t\t<a class=\"elementor-button elementor-button-link elementor-size-sm\" href=\"https:\/\/neidrider.de\/anfrage-2\/\">\n\t\t\t\t\t\t<span class=\"elementor-button-content-wrapper\">\n\t\t\t\t\t\t\t\t\t<span class=\"elementor-button-text\">SCHULUNGSANFRAGE SENDEN<\/span>\n\t\t\t\t\t<\/span>\n\t\t\t\t\t<\/a>\n\t\t\t\t<\/div>\n\t\t\t\t\t\t\t\t<\/div>\n\t\t\t\t<\/div>\n\t\t\t\t\t<\/div>\n\t\t<\/div>\n\t\t\t\t<div class=\"elementor-column elementor-col-50 elementor-inner-column elementor-element elementor-element-55b4d44\" data-id=\"55b4d44\" data-element_type=\"column\">\n\t\t\t<div class=\"elementor-widget-wrap elementor-element-populated\">\n\t\t\t\t\t\t<div class=\"elementor-element elementor-element-527a3d8 elementor-widget elementor-widget-image\" data-id=\"527a3d8\" data-element_type=\"widget\" data-widget_type=\"image.default\">\n\t\t\t\t<div class=\"elementor-widget-container\">\n\t\t\t\t\t\t\t\t\t\t\t\t\t\t\t<img decoding=\"async\" width=\"450\" height=\"300\" src=\"https:\/\/neidrider.de\/wp-content\/uploads\/2022\/05\/schulung-seminar-workshop.png\" class=\"attachment-large size-large wp-image-3911\" alt=\"Adobe Schulungen Seminare Workshops\" srcset=\"https:\/\/neidrider.de\/wp-content\/uploads\/2022\/05\/schulung-seminar-workshop.png 450w, https:\/\/neidrider.de\/wp-content\/uploads\/2022\/05\/schulung-seminar-workshop-400x267.png 400w, https:\/\/neidrider.de\/wp-content\/uploads\/2022\/05\/schulung-seminar-workshop-250x167.png 250w\" sizes=\"(max-width: 450px) 100vw, 450px\" \/>\t\t\t\t\t\t\t\t\t\t\t\t\t\t\t<\/div>\n\t\t\t\t<\/div>\n\t\t\t\t\t<\/div>\n\t\t<\/div>\n\t\t\t\t\t<\/div>\n\t\t<\/section>\n\t\t\t\t\t<\/div>\n\t\t<\/div>\n\t\t\t\t\t<\/div>\n\t\t<\/section>\n\t\t\t\t<section class=\"elementor-section elementor-top-section elementor-element elementor-element-b8bfda4 elementor-section-boxed elementor-section-height-default elementor-section-height-default\" data-id=\"b8bfda4\" data-element_type=\"section\">\n\t\t\t\t\t\t<div class=\"elementor-container elementor-column-gap-default\">\n\t\t\t\t\t<div class=\"elementor-column elementor-col-50 elementor-top-column elementor-element elementor-element-7459164\" data-id=\"7459164\" data-element_type=\"column\">\n\t\t\t<div class=\"elementor-widget-wrap elementor-element-populated\">\n\t\t\t\t\t\t<div class=\"elementor-element elementor-element-939d949 elementor-widget elementor-widget-text-editor\" data-id=\"939d949\" data-element_type=\"widget\" data-widget_type=\"text-editor.default\">\n\t\t\t\t<div class=\"elementor-widget-container\">\n\t\t\t\t\t\t\t\t\t<h2>NeidRider bietet seit \u00fcber 23 Jahren PHP Schulungen, Workshops und Seminare in <strong>Oberhausen, Essen, Duisburg, Moers, Krefeld, M\u00fclheim a.d. Ruhr, D\u00fcsseldorf, K\u00f6ln und Umgebung<\/strong> an.<\/h2><p>Unsere kleinen Schulungsgruppen mit maximal 6 Teilnehmern erm\u00f6glichen ein schnelles und effizientes Lernen von PHP.<\/p><p>Wir bieten auch die M\u00f6glichkeit, Ihre \u00a0Mitarbeiter bei Ihnen vor Ort an ihrem Arbeitsplatz zu schulen.<\/p><p>Zus\u00e4tzlich bieten wir Projektunterst\u00fctzung an, bei der wir Ihre Mitarbeiter bei Bedarf bei einzelnen Arbeitsaufgaben beraten und betreuen.<\/p><p>Lassen Sie Ihre Mitarbeiter von unseren erfahrenen PHP-Experten lernen und profitieren Sie von unserer langj\u00e4hrigen Erfahrung und Know-how in der Programmiersprache.<\/p>\t\t\t\t\t\t\t\t<\/div>\n\t\t\t\t<\/div>\n\t\t\t\t\t<\/div>\n\t\t<\/div>\n\t\t\t\t<div class=\"elementor-column elementor-col-50 elementor-top-column elementor-element elementor-element-b5a3cdb\" data-id=\"b5a3cdb\" data-element_type=\"column\">\n\t\t\t<div class=\"elementor-widget-wrap elementor-element-populated\">\n\t\t\t\t\t\t<div class=\"elementor-element elementor-element-3f00977 elementor-widget elementor-widget-text-editor\" data-id=\"3f00977\" data-element_type=\"widget\" data-widget_type=\"text-editor.default\">\n\t\t\t\t<div class=\"elementor-widget-container\">\n\t\t\t\t\t\t\t\t\t<h2>6 Teilnehmer &#8211; 1 Preis<\/h2><p>NeidRider bietet PHP Schulungen zu unschlagbar g\u00fcnstigen Preisen an &#8211; <strong>f\u00fcr eine Gruppe von Mitarbeitern mit bis zu 6 Personen zahlen Sie nur 500 \u20ac pro Tag.<\/strong><\/p><p>Um eine maximale Lernleistung zu gew\u00e4hrleisten, sollte die Schulung auf maximal 6 Teilnehmer beschr\u00e4nkt sein.<\/p><p>Jeder Teilnehmer sollte nach Abschluss der Schulung in der Lage sein, selbstst\u00e4ndig zu programmieren. Um dieses Ziel zu erreichen, muss der Trainer die M\u00f6glichkeit haben jedem ausreichend Aufmerksamkeit zu widmen.<\/p><p><span style=\"text-decoration: underline;\"><a href=\"https:\/\/neidrider.de\/schulungen\/\">Weitere Informationen zu unserem Schulungsangebot<\/a><\/span><\/p>\t\t\t\t\t\t\t\t<\/div>\n\t\t\t\t<\/div>\n\t\t\t\t\t<\/div>\n\t\t<\/div>\n\t\t\t\t\t<\/div>\n\t\t<\/section>\n\t\t\t\t<section class=\"elementor-section elementor-top-section elementor-element elementor-element-7394f45 elementor-section-boxed elementor-section-height-default elementor-section-height-default\" data-id=\"7394f45\" data-element_type=\"section\">\n\t\t\t\t\t\t<div class=\"elementor-container elementor-column-gap-default\">\n\t\t\t\t\t<div class=\"elementor-column elementor-col-50 elementor-top-column elementor-element elementor-element-bebb313\" data-id=\"bebb313\" data-element_type=\"column\">\n\t\t\t<div class=\"elementor-widget-wrap elementor-element-populated\">\n\t\t\t\t\t\t<div class=\"elementor-element elementor-element-9befb70 elementor-widget elementor-widget-text-editor\" data-id=\"9befb70\" data-element_type=\"widget\" data-widget_type=\"text-editor.default\">\n\t\t\t\t<div class=\"elementor-widget-container\">\n\t\t\t\t\t\t\t\t\t<h3>Verwandte \u00a0Schulungsthemen<\/h3><p>UML, Star UML, MySQL, MySQL Workbench, GIT, Visual Studio Code\u00a0<\/p><p>\u00a0<\/p>\t\t\t\t\t\t\t\t<\/div>\n\t\t\t\t<\/div>\n\t\t\t\t\t<\/div>\n\t\t<\/div>\n\t\t\t\t<div class=\"elementor-column elementor-col-50 elementor-top-column elementor-element elementor-element-adc0478\" data-id=\"adc0478\" data-element_type=\"column\">\n\t\t\t<div class=\"elementor-widget-wrap elementor-element-populated\">\n\t\t\t\t\t\t<div class=\"elementor-element elementor-element-d75fe2f elementor-widget elementor-widget-text-editor\" data-id=\"d75fe2f\" data-element_type=\"widget\" data-widget_type=\"text-editor.default\">\n\t\t\t\t<div class=\"elementor-widget-container\">\n\t\t\t\t\t\t\t\t\t<h3>Wissenswertes \u00fcber PHP<\/h3><p><span style=\"text-decoration: underline;\"><a href=\"https:\/\/www.php.net\" target=\"_blank\" rel=\"noopener\">Die offizielle PHP Seite<\/a><\/span><\/p><p><span style=\"text-decoration: underline;\"><a href=\"https:\/\/www.oreilly.com\/library\/view\/clean-code-in\/9781804613870\/?_gl=1*qs99fn*_ga*NDcyMjkxNjI3LjE2NzMwNjA5ODk.*_ga_092EL089CH*MTY3MzA2MDk4OC4xLjEuMTY3MzA2MTAwMS40Ny4wLjA.\" target=\"_blank\" rel=\"noopener\">O`Reilly PHP Clean Code<\/a><\/span><\/p>\t\t\t\t\t\t\t\t<\/div>\n\t\t\t\t<\/div>\n\t\t\t\t\t<\/div>\n\t\t<\/div>\n\t\t\t\t\t<\/div>\n\t\t<\/section>\n\t\t\t\t<\/div>\n\t\t","protected":false},"excerpt":{"rendered":"<p>PHP Schulungen in NRW PHP Schulungen in ganz NRW geh\u00f6ren zu unserem Portfolio seit \u00fcber 23 Jahren. Lernen Sie schnell objektorientiert PHP zu programmieren in einer kompakten auf Effizienz getrimmten Schulung. PHP ist eine der am h\u00e4ufigsten verwendeten Programmiersprachen im Web. Sie ist leicht zu lernen und bietet viele M\u00f6glichkeiten, um dynamische Websites und Anwendungen [&hellip;]<\/p>\n","protected":false},"author":1,"featured_media":0,"parent":0,"menu_order":0,"comment_status":"closed","ping_status":"closed","template":"elementor_header_footer","meta":{"ocean_post_layout":"","ocean_both_sidebars_style":"","ocean_both_sidebars_content_width":0,"ocean_both_sidebars_sidebars_width":0,"ocean_sidebar":"0","ocean_second_sidebar":"0","ocean_disable_margins":"enable","ocean_add_body_class":"","ocean_shortcode_before_top_bar":"","ocean_shortcode_after_top_bar":"","ocean_shortcode_before_header":"","ocean_shortcode_after_header":"","ocean_has_shortcode":"","ocean_shortcode_after_title":"","ocean_shortcode_before_footer_widgets":"","ocean_shortcode_after_footer_widgets":"","ocean_shortcode_before_footer_bottom":"","ocean_shortcode_after_footer_bottom":"","ocean_display_top_bar":"default","ocean_display_header":"default","ocean_header_style":"","ocean_center_header_left_menu":"0","ocean_custom_header_template":"0","ocean_custom_logo":0,"ocean_custom_retina_logo":0,"ocean_custom_logo_max_width":0,"ocean_custom_logo_tablet_max_width":0,"ocean_custom_logo_mobile_max_width":0,"ocean_custom_logo_max_height":0,"ocean_custom_logo_tablet_max_height":0,"ocean_custom_logo_mobile_max_height":0,"ocean_header_custom_menu":"0","ocean_menu_typo_font_family":"0","ocean_menu_typo_font_subset":"","ocean_menu_typo_font_size":0,"ocean_menu_typo_font_size_tablet":0,"ocean_menu_typo_font_size_mobile":0,"ocean_menu_typo_font_size_unit":"px","ocean_menu_typo_font_weight":"","ocean_menu_typo_font_weight_tablet":"","ocean_menu_typo_font_weight_mobile":"","ocean_menu_typo_transform":"","ocean_menu_typo_transform_tablet":"","ocean_menu_typo_transform_mobile":"","ocean_menu_typo_line_height":0,"ocean_menu_typo_line_height_tablet":0,"ocean_menu_typo_line_height_mobile":0,"ocean_menu_typo_line_height_unit":"","ocean_menu_typo_spacing":0,"ocean_menu_typo_spacing_tablet":0,"ocean_menu_typo_spacing_mobile":0,"ocean_menu_typo_spacing_unit":"","ocean_menu_link_color":"","ocean_menu_link_color_hover":"","ocean_menu_link_color_active":"","ocean_menu_link_background":"","ocean_menu_link_hover_background":"","ocean_menu_link_active_background":"","ocean_menu_social_links_bg":"","ocean_menu_social_hover_links_bg":"","ocean_menu_social_links_color":"","ocean_menu_social_hover_links_color":"","ocean_disable_title":"default","ocean_disable_heading":"on","ocean_post_title":"","ocean_post_subheading":"","ocean_post_title_style":"","ocean_post_title_background_color":"","ocean_post_title_background":0,"ocean_post_title_bg_image_position":"","ocean_post_title_bg_image_attachment":"","ocean_post_title_bg_image_repeat":"","ocean_post_title_bg_image_size":"","ocean_post_title_height":0,"ocean_post_title_bg_overlay":0.5,"ocean_post_title_bg_overlay_color":"","ocean_disable_breadcrumbs":"default","ocean_breadcrumbs_color":"","ocean_breadcrumbs_separator_color":"","ocean_breadcrumbs_links_color":"","ocean_breadcrumbs_links_hover_color":"","ocean_display_footer_widgets":"default","ocean_display_footer_bottom":"default","ocean_custom_footer_template":"0","omw_enable_modal_window":"enable","footnotes":""},"class_list":["post-4010","page","type-page","status-publish","hentry","entry"],"yoast_head":"<!-- This site is optimized with the Yoast SEO plugin v25.7 - https:\/\/yoast.com\/wordpress\/plugins\/seo\/ -->\n<title>PHP Schulungen in ganz NRW<\/title>\n<meta name=\"description\" content=\"Seit \u00fcber 25 Jahren: praxisnahe, auf Effizienz getrimmte PHP Schulungen in ganz NRW - konkurrenzlos preiswert machen wir Sie PHP-fit!\" \/>\n<meta name=\"robots\" content=\"index, follow, max-snippet:-1, max-image-preview:large, max-video-preview:-1\" \/>\n<link rel=\"canonical\" href=\"http:\/\/PHP%20Schulungen%20in%20NRW%20PHP%20Schulungen%20in%20ganz%20NRW%20geh\u00f6ren%20zu%20unserem%20Portfolio%20seit%20\u00fcber%2023%20Jahren.%20Lernen%20Sie%20schnell%20objektorientiert%20PHP%20zu%20programmieren%20in%20einer%20kompakten%20auf%20Effizienz%20getrimmten%20Schulung.%20PHP%20ist%20eine%20der%20am%20h\u00e4ufigsten%20verwendeten%20Programmiersprachen%20im%20Web.%20Sie%20ist%20leicht%20zu%20lernen%20und%20bietet%20viele%20M\u00f6glichkeiten,%20um%20dynamische%20Websites%20und%20Anwendungen&hellip;\" \/>\n<meta property=\"og:locale\" content=\"en_GB\" \/>\n<meta property=\"og:type\" content=\"article\" \/>\n<meta property=\"og:title\" content=\"PHP Schulungen in ganz NRW\" \/>\n<meta property=\"og:description\" content=\"Seit \u00fcber 25 Jahren: praxisnahe, auf Effizienz getrimmte PHP Schulungen in ganz NRW - konkurrenzlos preiswert machen wir Sie PHP-fit!\" \/>\n<meta property=\"og:url\" content=\"https:\/\/neidrider.de\/en\/php-schulungen-in-ganz-nrw\/\" \/>\n<meta property=\"og:site_name\" content=\"NeidRider WebDesign PHP Programmierung Schulungen\" \/>\n<meta property=\"article:modified_time\" content=\"2023-01-07T03:15:26+00:00\" \/>\n<meta property=\"og:image\" content=\"https:\/\/neidrider.de\/wp-content\/uploads\/2023\/01\/php-schulung.jpg\" \/>\n<meta name=\"twitter:card\" content=\"summary_large_image\" \/>\n<meta name=\"twitter:label1\" content=\"Est. reading time\" \/>\n\t<meta name=\"twitter:data1\" content=\"1 minute\" \/>\n<script type=\"application\/ld+json\" class=\"yoast-schema-graph\">{\"@context\":\"https:\/\/schema.org\",\"@graph\":[{\"@type\":\"WebPage\",\"@id\":\"https:\/\/neidrider.de\/en\/php-schulungen-in-ganz-nrw\/\",\"url\":\"https:\/\/neidrider.de\/en\/php-schulungen-in-ganz-nrw\/\",\"name\":\"PHP Schulungen in ganz NRW\",\"isPartOf\":{\"@id\":\"https:\/\/neidrider.de\/#website\"},\"primaryImageOfPage\":{\"@id\":\"https:\/\/neidrider.de\/en\/php-schulungen-in-ganz-nrw\/#primaryimage\"},\"image\":{\"@id\":\"https:\/\/neidrider.de\/en\/php-schulungen-in-ganz-nrw\/#primaryimage\"},\"thumbnailUrl\":\"https:\/\/neidrider.de\/wp-content\/uploads\/2023\/01\/php-schulung.jpg\",\"datePublished\":\"2022-05-19T17:41:22+00:00\",\"dateModified\":\"2023-01-07T03:15:26+00:00\",\"description\":\"Seit \u00fcber 25 Jahren: praxisnahe, auf Effizienz getrimmte PHP Schulungen in ganz NRW - konkurrenzlos preiswert machen wir Sie PHP-fit!\",\"breadcrumb\":{\"@id\":\"https:\/\/neidrider.de\/en\/php-schulungen-in-ganz-nrw\/#breadcrumb\"},\"inLanguage\":\"en-GB\",\"potentialAction\":[{\"@type\":\"ReadAction\",\"target\":[\"https:\/\/neidrider.de\/en\/php-schulungen-in-ganz-nrw\/\"]}]},{\"@type\":\"ImageObject\",\"inLanguage\":\"en-GB\",\"@id\":\"https:\/\/neidrider.de\/en\/php-schulungen-in-ganz-nrw\/#primaryimage\",\"url\":\"https:\/\/neidrider.de\/wp-content\/uploads\/2023\/01\/php-schulung.jpg\",\"contentUrl\":\"https:\/\/neidrider.de\/wp-content\/uploads\/2023\/01\/php-schulung.jpg\"},{\"@type\":\"BreadcrumbList\",\"@id\":\"https:\/\/neidrider.de\/en\/php-schulungen-in-ganz-nrw\/#breadcrumb\",\"itemListElement\":[{\"@type\":\"ListItem\",\"position\":1,\"name\":\"Home\",\"item\":\"https:\/\/neidrider.de\/\"},{\"@type\":\"ListItem\",\"position\":2,\"name\":\"PHP Schulungen in NRW\"}]},{\"@type\":\"WebSite\",\"@id\":\"https:\/\/neidrider.de\/en\/#website\",\"url\":\"https:\/\/neidrider.de\/en\/\",\"name\":\"NeidRider WebDesign PHP Programmierung Schulungen\",\"description\":\"\",\"publisher\":{\"@id\":\"https:\/\/neidrider.de\/en\/#organization\"},\"potentialAction\":[{\"@type\":\"SearchAction\",\"target\":{\"@type\":\"EntryPoint\",\"urlTemplate\":\"https:\/\/neidrider.de\/en\/?s={search_term_string}\"},\"query-input\":{\"@type\":\"PropertyValueSpecification\",\"valueRequired\":true,\"valueName\":\"search_term_string\"}}],\"inLanguage\":\"en-GB\"},{\"@type\":\"Organization\",\"@id\":\"https:\/\/neidrider.de\/en\/#organization\",\"name\":\"INVESTMENT COINS\",\"url\":\"https:\/\/neidrider.de\/en\/\",\"logo\":{\"@type\":\"ImageObject\",\"inLanguage\":\"en-GB\",\"@id\":\"https:\/\/neidrider.de\/en\/#\/schema\/logo\/image\/\",\"url\":\"https:\/\/neidrider.de\/wp-content\/uploads\/2021\/07\/logo2.png\",\"contentUrl\":\"https:\/\/neidrider.de\/wp-content\/uploads\/2021\/07\/logo2.png\",\"width\":450,\"height\":63,\"caption\":\"INVESTMENT COINS\"},\"image\":{\"@id\":\"https:\/\/neidrider.de\/en\/#\/schema\/logo\/image\/\"}}]}<\/script>\n<!-- \/ Yoast SEO plugin. -->","yoast_head_json":{"title":"PHP Schulungen in ganz NRW","description":"Seit \u00fcber 25 Jahren: praxisnahe, auf Effizienz getrimmte PHP Schulungen in ganz NRW - konkurrenzlos preiswert machen wir Sie PHP-fit!","robots":{"index":"index","follow":"follow","max-snippet":"max-snippet:-1","max-image-preview":"max-image-preview:large","max-video-preview":"max-video-preview:-1"},"canonical":"PHP Schulungen in NRW PHP Schulungen in ganz NRW geh\u00f6ren zu unserem Portfolio seit \u00fcber 23 Jahren. Lernen Sie schnell objektorientiert PHP zu programmieren in einer kompakten auf Effizienz getrimmten Schulung. PHP ist eine der am h\u00e4ufigsten verwendeten Programmiersprachen im Web. Sie ist leicht zu lernen und bietet viele M\u00f6glichkeiten, um dynamische Websites und Anwendungen&hellip;","og_locale":"en_GB","og_type":"article","og_title":"PHP Schulungen in ganz NRW","og_description":"Seit \u00fcber 25 Jahren: praxisnahe, auf Effizienz getrimmte PHP Schulungen in ganz NRW - konkurrenzlos preiswert machen wir Sie PHP-fit!","og_url":"https:\/\/neidrider.de\/en\/php-schulungen-in-ganz-nrw\/","og_site_name":"NeidRider WebDesign PHP Programmierung Schulungen","article_modified_time":"2023-01-07T03:15:26+00:00","og_image":[{"url":"https:\/\/neidrider.de\/wp-content\/uploads\/2023\/01\/php-schulung.jpg","type":"","width":"","height":""}],"twitter_card":"summary_large_image","twitter_misc":{"Est. reading time":"1 minute"},"schema":{"@context":"https:\/\/schema.org","@graph":[{"@type":"WebPage","@id":"https:\/\/neidrider.de\/en\/php-schulungen-in-ganz-nrw\/","url":"https:\/\/neidrider.de\/en\/php-schulungen-in-ganz-nrw\/","name":"PHP Schulungen in ganz NRW","isPartOf":{"@id":"https:\/\/neidrider.de\/#website"},"primaryImageOfPage":{"@id":"https:\/\/neidrider.de\/en\/php-schulungen-in-ganz-nrw\/#primaryimage"},"image":{"@id":"https:\/\/neidrider.de\/en\/php-schulungen-in-ganz-nrw\/#primaryimage"},"thumbnailUrl":"https:\/\/neidrider.de\/wp-content\/uploads\/2023\/01\/php-schulung.jpg","datePublished":"2022-05-19T17:41:22+00:00","dateModified":"2023-01-07T03:15:26+00:00","description":"Seit \u00fcber 25 Jahren: praxisnahe, auf Effizienz getrimmte PHP Schulungen in ganz NRW - konkurrenzlos preiswert machen wir Sie PHP-fit!","breadcrumb":{"@id":"https:\/\/neidrider.de\/en\/php-schulungen-in-ganz-nrw\/#breadcrumb"},"inLanguage":"en-GB","potentialAction":[{"@type":"ReadAction","target":["https:\/\/neidrider.de\/en\/php-schulungen-in-ganz-nrw\/"]}]},{"@type":"ImageObject","inLanguage":"en-GB","@id":"https:\/\/neidrider.de\/en\/php-schulungen-in-ganz-nrw\/#primaryimage","url":"https:\/\/neidrider.de\/wp-content\/uploads\/2023\/01\/php-schulung.jpg","contentUrl":"https:\/\/neidrider.de\/wp-content\/uploads\/2023\/01\/php-schulung.jpg"},{"@type":"BreadcrumbList","@id":"https:\/\/neidrider.de\/en\/php-schulungen-in-ganz-nrw\/#breadcrumb","itemListElement":[{"@type":"ListItem","position":1,"name":"Home","item":"https:\/\/neidrider.de\/"},{"@type":"ListItem","position":2,"name":"PHP Schulungen in NRW"}]},{"@type":"WebSite","@id":"https:\/\/neidrider.de\/en\/#website","url":"https:\/\/neidrider.de\/en\/","name":"NeidRider WebDesign PHP Programmierung Schulungen","description":"","publisher":{"@id":"https:\/\/neidrider.de\/en\/#organization"},"potentialAction":[{"@type":"SearchAction","target":{"@type":"EntryPoint","urlTemplate":"https:\/\/neidrider.de\/en\/?s={search_term_string}"},"query-input":{"@type":"PropertyValueSpecification","valueRequired":true,"valueName":"search_term_string"}}],"inLanguage":"en-GB"},{"@type":"Organization","@id":"https:\/\/neidrider.de\/en\/#organization","name":"INVESTMENT COINS","url":"https:\/\/neidrider.de\/en\/","logo":{"@type":"ImageObject","inLanguage":"en-GB","@id":"https:\/\/neidrider.de\/en\/#\/schema\/logo\/image\/","url":"https:\/\/neidrider.de\/wp-content\/uploads\/2021\/07\/logo2.png","contentUrl":"https:\/\/neidrider.de\/wp-content\/uploads\/2021\/07\/logo2.png","width":450,"height":63,"caption":"INVESTMENT COINS"},"image":{"@id":"https:\/\/neidrider.de\/en\/#\/schema\/logo\/image\/"}}]}},"_links":{"self":[{"href":"https:\/\/neidrider.de\/en\/wp-json\/wp\/v2\/pages\/4010","targetHints":{"allow":["GET"]}}],"collection":[{"href":"https:\/\/neidrider.de\/en\/wp-json\/wp\/v2\/pages"}],"about":[{"href":"https:\/\/neidrider.de\/en\/wp-json\/wp\/v2\/types\/page"}],"author":[{"embeddable":true,"href":"https:\/\/neidrider.de\/en\/wp-json\/wp\/v2\/users\/1"}],"replies":[{"embeddable":true,"href":"https:\/\/neidrider.de\/en\/wp-json\/wp\/v2\/comments?post=4010"}],"version-history":[{"count":0,"href":"https:\/\/neidrider.de\/en\/wp-json\/wp\/v2\/pages\/4010\/revisions"}],"wp:attachment":[{"href":"https:\/\/neidrider.de\/en\/wp-json\/wp\/v2\/media?parent=4010"}],"curies":[{"name":"wp","href":"https:\/\/api.w.org\/{rel}","templated":true}]}}