{"id":4008,"date":"2022-05-19T17:40:39","date_gmt":"2022-05-19T17:40:39","guid":{"rendered":"https:\/\/neidrider.de\/?page_id=4008"},"modified":"2022-05-19T21:58:47","modified_gmt":"2022-05-19T21:58:47","slug":"adobe-schulungen-seminare-workshops","status":"publish","type":"page","link":"https:\/\/neidrider.de\/en\/adobe-schulungen-seminare-workshops\/","title":{"rendered":"Adobe Schulungen Seminare Workshops"},"content":{"rendered":"\t\t<div data-elementor-type=\"wp-page\" data-elementor-id=\"4008\" class=\"elementor elementor-4008\">\n\t\t\t\t\t\t<section class=\"elementor-section elementor-top-section elementor-element elementor-element-dc42561 elementor-section-boxed elementor-section-height-default elementor-section-height-default\" data-id=\"dc42561\" data-element_type=\"section\">\n\t\t\t\t\t\t<div class=\"elementor-container elementor-column-gap-default\">\n\t\t\t\t\t<div class=\"elementor-column elementor-col-100 elementor-top-column elementor-element elementor-element-4564c8e\" data-id=\"4564c8e\" data-element_type=\"column\">\n\t\t\t<div class=\"elementor-widget-wrap elementor-element-populated\">\n\t\t\t\t\t\t<div class=\"elementor-element elementor-element-9ec4bf4 elementor-widget elementor-widget-heading\" data-id=\"9ec4bf4\" data-element_type=\"widget\" data-widget_type=\"heading.default\">\n\t\t\t\t<div class=\"elementor-widget-container\">\n\t\t\t\t\t<h1 class=\"elementor-heading-title elementor-size-default\">ADOBE SCHULUNGEN SEMINARE WORKSHOPS<\/h1>\t\t\t\t<\/div>\n\t\t\t\t<\/div>\n\t\t\t\t\t<\/div>\n\t\t<\/div>\n\t\t\t\t\t<\/div>\n\t\t<\/section>\n\t\t\t\t<section class=\"elementor-section elementor-top-section elementor-element elementor-element-961082f elementor-section-boxed elementor-section-height-default elementor-section-height-default\" data-id=\"961082f\" data-element_type=\"section\">\n\t\t\t\t\t\t<div class=\"elementor-container elementor-column-gap-default\">\n\t\t\t\t\t<div class=\"elementor-column elementor-col-100 elementor-top-column elementor-element elementor-element-d532d97\" data-id=\"d532d97\" data-element_type=\"column\">\n\t\t\t<div class=\"elementor-widget-wrap elementor-element-populated\">\n\t\t\t\t\t\t<div class=\"elementor-element elementor-element-deaaa9c elementor-widget elementor-widget-heading\" data-id=\"deaaa9c\" data-element_type=\"widget\" data-widget_type=\"heading.default\">\n\t\t\t\t<div class=\"elementor-widget-container\">\n\t\t\t\t\t<h2 class=\"elementor-heading-title elementor-size-default\">ADOBE ZERTIFIZIERTE TRAINER MIT LANGJ\u00c4HRIGER PRAXISERFAHRUNG<\/h2>\t\t\t\t<\/div>\n\t\t\t\t<\/div>\n\t\t\t\t\t<\/div>\n\t\t<\/div>\n\t\t\t\t\t<\/div>\n\t\t<\/section>\n\t\t\t\t<section class=\"elementor-section elementor-top-section elementor-element elementor-element-352a242 elementor-section-boxed elementor-section-height-default elementor-section-height-default\" data-id=\"352a242\" data-element_type=\"section\">\n\t\t\t\t\t\t<div class=\"elementor-container elementor-column-gap-default\">\n\t\t\t\t\t<div class=\"elementor-column elementor-col-50 elementor-top-column elementor-element elementor-element-6821fd2\" data-id=\"6821fd2\" data-element_type=\"column\">\n\t\t\t<div class=\"elementor-widget-wrap elementor-element-populated\">\n\t\t\t\t\t\t<div class=\"elementor-element elementor-element-487f810 elementor-widget elementor-widget-text-editor\" data-id=\"487f810\" data-element_type=\"widget\" data-widget_type=\"text-editor.default\">\n\t\t\t\t<div class=\"elementor-widget-container\">\n\t\t\t\t\t\t\t\t\t<h2>Adobe Schulungen, Seminare, Workshops &#8211; seit 1999<\/h2>\n<p>Unsere Dozenten sind Adobe zertifizierte Experten mit langj\u00e4hriger Praxiserfahrung in den Bereichen Druckvorstufe, Webentwicklung, Werbetechnik und Videobearbeitung und 3D.<\/p>\n<h2>Adobe Creative Suite Schulungen<\/h2>\n<p>Wir bieten Schulungen, Seminare und Workshops zu den einzelnen Programmen aus der Adobe Creative Suite: Photoshop, Illustrator, InDesign, Premiere, Acrobat und Audition.<\/p>\n<p>Zus\u00e4tzlich bieten wir intensive Einzelschulungen am Arbeitsplatz und Projektunterst\u00fctzung.<\/p>\t\t\t\t\t\t\t\t<\/div>\n\t\t\t\t<\/div>\n\t\t\t\t\t<\/div>\n\t\t<\/div>\n\t\t\t\t<div class=\"elementor-column elementor-col-50 elementor-top-column elementor-element elementor-element-5994196\" data-id=\"5994196\" data-element_type=\"column\">\n\t\t\t<div class=\"elementor-widget-wrap elementor-element-populated\">\n\t\t\t\t\t\t<div class=\"elementor-element elementor-element-043e7a8 elementor-widget elementor-widget-text-editor\" data-id=\"043e7a8\" data-element_type=\"widget\" data-widget_type=\"text-editor.default\">\n\t\t\t\t<div class=\"elementor-widget-container\">\n\t\t\t\t\t\t\t\t\t<h2>Adobe Schwerpunkt-Seminare<\/h2>\n<p>Unser oberstes Ziel bei der Konzeption unserer Schulungen ist die Effizienz. Um sicher zu stellen, dass die Teilnehmer in m\u00f6glichst kurzer Zeit alle Kenntnisse vermittelt bekommen, die f\u00fcr ihre Aufgabe am Arbeitsplatz notwendig sind, bieten wir <span style=\"text-decoration: underline;\"><a href=\"https:\/\/neidrider.de\/adobe-schulungen-seminare-workshops\/\">Schwerpunkt-Seminare<\/a><\/span> an.<\/p>\n<p>Diese Schwerpunkte sind: Druckvorstufe, Webentwicklung, Werbetechnik und Softwareentwicklung.<\/p>\n<h2>Schulungsorte<\/h2>\n<p>Wir bieten Firmenschulungen und InHouse Seminare in ganz Deutschland an. Schulungen in unseren Schulungsr\u00e4umen bieten wir an folgenden Orten an: Oberhausen, M\u00fclheim a.d. Ruhr, Essen, Dinslaken, Meerbusch, Moers, Krefeld, D\u00fcsseldorf, K\u00f6ln, Dortmund, Herne, Bochum, Solingen.<\/p>\t\t\t\t\t\t\t\t<\/div>\n\t\t\t\t<\/div>\n\t\t\t\t\t<\/div>\n\t\t<\/div>\n\t\t\t\t\t<\/div>\n\t\t<\/section>\n\t\t\t\t<section class=\"elementor-section elementor-top-section elementor-element elementor-element-82cb584 elementor-section-boxed elementor-section-height-default elementor-section-height-default\" data-id=\"82cb584\" data-element_type=\"section\">\n\t\t\t\t\t\t<div class=\"elementor-container elementor-column-gap-default\">\n\t\t\t\t\t<div class=\"elementor-column elementor-col-100 elementor-top-column elementor-element elementor-element-ab0dd6b\" data-id=\"ab0dd6b\" data-element_type=\"column\" data-settings=\"{&quot;background_background&quot;:&quot;classic&quot;}\">\n\t\t\t<div class=\"elementor-widget-wrap elementor-element-populated\">\n\t\t\t\t\t\t<section class=\"elementor-section elementor-inner-section elementor-element elementor-element-58dbf7a elementor-section-boxed elementor-section-height-default elementor-section-height-default\" data-id=\"58dbf7a\" data-element_type=\"section\" data-settings=\"{&quot;background_background&quot;:&quot;classic&quot;}\">\n\t\t\t\t\t\t<div class=\"elementor-container elementor-column-gap-default\">\n\t\t\t\t\t<div class=\"elementor-column elementor-col-50 elementor-inner-column elementor-element elementor-element-88a1c61\" data-id=\"88a1c61\" data-element_type=\"column\">\n\t\t\t<div class=\"elementor-widget-wrap elementor-element-populated\">\n\t\t\t\t\t\t<div class=\"elementor-element elementor-element-5d086b1 elementor-widget elementor-widget-heading\" data-id=\"5d086b1\" data-element_type=\"widget\" data-widget_type=\"heading.default\">\n\t\t\t\t<div class=\"elementor-widget-container\">\n\t\t\t\t\t<h2 class=\"elementor-heading-title elementor-size-default\">FIRMENSEMINARE ZUM PAUSCHALPREIS<\/h2>\t\t\t\t<\/div>\n\t\t\t\t<\/div>\n\t\t\t\t<div class=\"elementor-element elementor-element-cbd54a0 elementor-widget elementor-widget-text-editor\" data-id=\"cbd54a0\" data-element_type=\"widget\" data-widget_type=\"text-editor.default\">\n\t\t\t\t<div class=\"elementor-widget-container\">\n\t\t\t\t\t\t\t\t\t<p><strong>6 TEILNEHMER 1 PREIS<\/strong><\/p><p>Eine komplette Schulung f\u00fcr <strong>bis zu 6 Ihrer Mitarbeiter<\/strong> zusammen f\u00fcr <span style=\"text-decoration: underline;\"><strong>nur 600,00 \u20ac<\/strong><\/span> pro Tag!<\/p>\t\t\t\t\t\t\t\t<\/div>\n\t\t\t\t<\/div>\n\t\t\t\t<div class=\"elementor-element elementor-element-fcef197 elementor-align-left elementor-widget elementor-widget-button\" data-id=\"fcef197\" data-element_type=\"widget\" data-widget_type=\"button.default\">\n\t\t\t\t<div class=\"elementor-widget-container\">\n\t\t\t\t\t\t\t\t\t<div class=\"elementor-button-wrapper\">\n\t\t\t\t\t<a class=\"elementor-button elementor-button-link elementor-size-sm\" href=\"https:\/\/neidrider.de\/anfrage-2\/\">\n\t\t\t\t\t\t<span class=\"elementor-button-content-wrapper\">\n\t\t\t\t\t\t\t\t\t<span class=\"elementor-button-text\">SCHULUNGSANFRAGE SENDEN<\/span>\n\t\t\t\t\t<\/span>\n\t\t\t\t\t<\/a>\n\t\t\t\t<\/div>\n\t\t\t\t\t\t\t\t<\/div>\n\t\t\t\t<\/div>\n\t\t\t\t\t<\/div>\n\t\t<\/div>\n\t\t\t\t<div class=\"elementor-column elementor-col-50 elementor-inner-column elementor-element elementor-element-2846ec5\" data-id=\"2846ec5\" data-element_type=\"column\">\n\t\t\t<div class=\"elementor-widget-wrap elementor-element-populated\">\n\t\t\t\t\t\t<div class=\"elementor-element elementor-element-ecffcbd elementor-widget elementor-widget-image\" data-id=\"ecffcbd\" data-element_type=\"widget\" data-widget_type=\"image.default\">\n\t\t\t\t<div class=\"elementor-widget-container\">\n\t\t\t\t\t\t\t\t\t\t\t\t\t\t\t<img fetchpriority=\"high\" decoding=\"async\" width=\"450\" height=\"300\" src=\"https:\/\/neidrider.de\/wp-content\/uploads\/2022\/05\/schulung-seminar-workshop.png\" class=\"attachment-large size-large wp-image-3911\" alt=\"Adobe Schulungen Seminare Workshops\" srcset=\"https:\/\/neidrider.de\/wp-content\/uploads\/2022\/05\/schulung-seminar-workshop.png 450w, https:\/\/neidrider.de\/wp-content\/uploads\/2022\/05\/schulung-seminar-workshop-400x267.png 400w, https:\/\/neidrider.de\/wp-content\/uploads\/2022\/05\/schulung-seminar-workshop-250x167.png 250w\" sizes=\"(max-width: 450px) 100vw, 450px\" \/>\t\t\t\t\t\t\t\t\t\t\t\t\t\t\t<\/div>\n\t\t\t\t<\/div>\n\t\t\t\t\t<\/div>\n\t\t<\/div>\n\t\t\t\t\t<\/div>\n\t\t<\/section>\n\t\t\t\t\t<\/div>\n\t\t<\/div>\n\t\t\t\t\t<\/div>\n\t\t<\/section>\n\t\t\t\t<section class=\"elementor-section elementor-top-section elementor-element elementor-element-7305c98 elementor-section-boxed elementor-section-height-default elementor-section-height-default\" data-id=\"7305c98\" data-element_type=\"section\">\n\t\t\t\t\t\t<div class=\"elementor-container elementor-column-gap-default\">\n\t\t\t\t\t<div class=\"elementor-column elementor-col-50 elementor-top-column elementor-element elementor-element-744e27d\" data-id=\"744e27d\" data-element_type=\"column\">\n\t\t\t<div class=\"elementor-widget-wrap elementor-element-populated\">\n\t\t\t\t\t\t<div class=\"elementor-element elementor-element-11e4839 elementor-widget elementor-widget-fancy-elementor-flipbox\" data-id=\"11e4839\" data-element_type=\"widget\" data-widget_type=\"fancy-elementor-flipbox.default\">\n\t\t\t\t<div class=\"elementor-widget-container\">\n\t\t\t\t\t<!-- Start Of Flipbox --><div id=\"flip-demo-0\" class=\"tp-flipbox side-left-style tp-flipbox--\"><div class=\"tp-flipbox__holder\"><div class=\"tp-flipbox__front\"><div class=\"tp-flipbox__content\"><div class=\"tp-flipbox__icon-front\"><img decoding=\"async\" src=\"https:\/\/neidrider.de\/wp-content\/uploads\/2022\/05\/adobe-photoshop-schulungen.jpg\" title=\"adobe-photoshop-schulungen\" alt=\"Adobe Photoshop Schulungen\" loading=\"lazy\" \/><\/div><div class=\"tp-flipbox__title-front\">ADOBE PHOTOSHOP SEMINARE<\/div><div class=\"tp-flipbox__desc-back\">Adobe Photoshop Schulungen f\u00fcr Anf\u00e4nger und Fortgeschrittene<\/div><\/div><\/div><div class=\"tp-flipbox__back\" ><div class=\"tp-flipbox__content\"><div class=\"tp-flipbox__icon-back\">                <\/div><div class=\"tp-flipbox__title-back\">6 TEILNEHMER - 1 PREIS<\/div><div class=\"tp-flipbox__desc-back\">Alle Adobe Schulungen, Seminare und Workshops k\u00f6nnen Sie als Inhouse Variante bei Ihnen vor Ort oder in unseren Schulungsr\u00e4umen buchen. <\/div><div class=\"tp-flipbox__action\"><a   href=\"https:\/\/neidrider.de\/anfrage-2\/\" class=\"tp-flipbox__btn\">SCHULUNGSANFRAGE SENDEN<\/a><\/div><\/div><\/div><\/div><\/div><!-- End Of Flipbox -->\t\t\t\t<\/div>\n\t\t\t\t<\/div>\n\t\t\t\t\t<\/div>\n\t\t<\/div>\n\t\t\t\t<div class=\"elementor-column elementor-col-50 elementor-top-column elementor-element elementor-element-459c5c3\" data-id=\"459c5c3\" data-element_type=\"column\">\n\t\t\t<div class=\"elementor-widget-wrap elementor-element-populated\">\n\t\t\t\t\t\t<div class=\"elementor-element elementor-element-eddb0af elementor-widget elementor-widget-fancy-elementor-flipbox\" data-id=\"eddb0af\" data-element_type=\"widget\" data-widget_type=\"fancy-elementor-flipbox.default\">\n\t\t\t\t<div class=\"elementor-widget-container\">\n\t\t\t\t\t<!-- Start Of Flipbox --><div id=\"flip-demo-0\" class=\"tp-flipbox side-left-style tp-flipbox--\"><div class=\"tp-flipbox__holder\"><div class=\"tp-flipbox__front\"><div class=\"tp-flipbox__content\"><div class=\"tp-flipbox__icon-front\"><img decoding=\"async\" src=\"https:\/\/neidrider.de\/wp-content\/uploads\/2022\/05\/adobe-illustrator-schulungen.jpg\" title=\"adobe-illustrator-schulungen\" alt=\"adobe-illustrator-schulungen\" loading=\"lazy\" \/><\/div><div class=\"tp-flipbox__title-front\">ADOBE ILLUSTRATOR SEMINARE<\/div><div class=\"tp-flipbox__desc-back\">Adobe Illustrator I Schulungen f\u00fcr Anf\u00e4nger und Fortgeschrittene<\/div><\/div><\/div><div class=\"tp-flipbox__back\" ><div class=\"tp-flipbox__content\"><div class=\"tp-flipbox__icon-back\">                <\/div><div class=\"tp-flipbox__title-back\">6 TEILNEHMER - 1 PREIS<\/div><div class=\"tp-flipbox__desc-back\">Alle Adobe Schulungen, Seminare und Workshops k\u00f6nnen Sie als Inhouse Variante bei Ihnen vor Ort oder in unseren Schulungsr\u00e4umen buchen. <\/div><div class=\"tp-flipbox__action\"><a   href=\"https:\/\/neidrider.de\/anfrage-2\/\" class=\"tp-flipbox__btn\">SCHULUNGSANFRAGE SENDEN<\/a><\/div><\/div><\/div><\/div><\/div><!-- End Of Flipbox -->\t\t\t\t<\/div>\n\t\t\t\t<\/div>\n\t\t\t\t\t<\/div>\n\t\t<\/div>\n\t\t\t\t\t<\/div>\n\t\t<\/section>\n\t\t\t\t<\/div>\n\t\t","protected":false},"excerpt":{"rendered":"<p>ADOBE SCHULUNGEN SEMINARE WORKSHOPS ADOBE ZERTIFIZIERTE TRAINER MIT LANGJ\u00c4HRIGER PRAXISERFAHRUNG Adobe Schulungen, Seminare, Workshops &#8211; seit 1999 Unsere Dozenten sind Adobe zertifizierte Experten mit langj\u00e4hriger Praxiserfahrung in den Bereichen Druckvorstufe, Webentwicklung, Werbetechnik und Videobearbeitung und 3D. Adobe Creative Suite Schulungen Wir bieten Schulungen, Seminare und Workshops zu den einzelnen Programmen aus der Adobe Creative Suite: [&hellip;]<\/p>\n","protected":false},"author":1,"featured_media":0,"parent":0,"menu_order":0,"comment_status":"closed","ping_status":"closed","template":"elementor_header_footer","meta":{"ocean_post_layout":"","ocean_both_sidebars_style":"","ocean_both_sidebars_content_width":0,"ocean_both_sidebars_sidebars_width":0,"ocean_sidebar":"0","ocean_second_sidebar":"0","ocean_disable_margins":"enable","ocean_add_body_class":"","ocean_shortcode_before_top_bar":"","ocean_shortcode_after_top_bar":"","ocean_shortcode_before_header":"","ocean_shortcode_after_header":"","ocean_has_shortcode":"","ocean_shortcode_after_title":"","ocean_shortcode_before_footer_widgets":"","ocean_shortcode_after_footer_widgets":"","ocean_shortcode_before_footer_bottom":"","ocean_shortcode_after_footer_bottom":"","ocean_display_top_bar":"default","ocean_display_header":"default","ocean_header_style":"","ocean_center_header_left_menu":"0","ocean_custom_header_template":"0","ocean_custom_logo":0,"ocean_custom_retina_logo":0,"ocean_custom_logo_max_width":0,"ocean_custom_logo_tablet_max_width":0,"ocean_custom_logo_mobile_max_width":0,"ocean_custom_logo_max_height":0,"ocean_custom_logo_tablet_max_height":0,"ocean_custom_logo_mobile_max_height":0,"ocean_header_custom_menu":"0","ocean_menu_typo_font_family":"0","ocean_menu_typo_font_subset":"","ocean_menu_typo_font_size":0,"ocean_menu_typo_font_size_tablet":0,"ocean_menu_typo_font_size_mobile":0,"ocean_menu_typo_font_size_unit":"px","ocean_menu_typo_font_weight":"","ocean_menu_typo_font_weight_tablet":"","ocean_menu_typo_font_weight_mobile":"","ocean_menu_typo_transform":"","ocean_menu_typo_transform_tablet":"","ocean_menu_typo_transform_mobile":"","ocean_menu_typo_line_height":0,"ocean_menu_typo_line_height_tablet":0,"ocean_menu_typo_line_height_mobile":0,"ocean_menu_typo_line_height_unit":"","ocean_menu_typo_spacing":0,"ocean_menu_typo_spacing_tablet":0,"ocean_menu_typo_spacing_mobile":0,"ocean_menu_typo_spacing_unit":"","ocean_menu_link_color":"","ocean_menu_link_color_hover":"","ocean_menu_link_color_active":"","ocean_menu_link_background":"","ocean_menu_link_hover_background":"","ocean_menu_link_active_background":"","ocean_menu_social_links_bg":"","ocean_menu_social_hover_links_bg":"","ocean_menu_social_links_color":"","ocean_menu_social_hover_links_color":"","ocean_disable_title":"default","ocean_disable_heading":"on","ocean_post_title":"","ocean_post_subheading":"","ocean_post_title_style":"","ocean_post_title_background_color":"","ocean_post_title_background":0,"ocean_post_title_bg_image_position":"","ocean_post_title_bg_image_attachment":"","ocean_post_title_bg_image_repeat":"","ocean_post_title_bg_image_size":"","ocean_post_title_height":0,"ocean_post_title_bg_overlay":0.5,"ocean_post_title_bg_overlay_color":"","ocean_disable_breadcrumbs":"default","ocean_breadcrumbs_color":"","ocean_breadcrumbs_separator_color":"","ocean_breadcrumbs_links_color":"","ocean_breadcrumbs_links_hover_color":"","ocean_display_footer_widgets":"default","ocean_display_footer_bottom":"default","ocean_custom_footer_template":"0","omw_enable_modal_window":"enable","footnotes":""},"class_list":["post-4008","page","type-page","status-publish","hentry","entry"],"yoast_head":"<!-- This site is optimized with the Yoast SEO plugin v25.7 - https:\/\/yoast.com\/wordpress\/plugins\/seo\/ -->\n<title>Adobe Schulungen Seminare Workshops - praxisnah - zertifizierte Trainer<\/title>\n<meta name=\"description\" content=\"Adobe Schulungen Seminare Workshops seit 1999 - erfahrene Dozenten - Adobe Certified - mit umfangreicher Praxiserfahrung\" \/>\n<meta name=\"robots\" content=\"index, follow, max-snippet:-1, max-image-preview:large, max-video-preview:-1\" \/>\n<link rel=\"canonical\" href=\"\" \/>\n<meta property=\"og:locale\" content=\"en_GB\" \/>\n<meta property=\"og:type\" content=\"article\" \/>\n<meta property=\"og:title\" content=\"Adobe Schulungen Seminare Workshops - praxisnah - zertifizierte Trainer\" \/>\n<meta property=\"og:description\" content=\"Adobe Schulungen Seminare Workshops seit 1999 - erfahrene Dozenten - Adobe Certified - mit umfangreicher Praxiserfahrung\" \/>\n<meta property=\"og:url\" content=\"https:\/\/neidrider.de\/en\/adobe-schulungen-seminare-workshops\/\" \/>\n<meta property=\"og:site_name\" content=\"NeidRider WebDesign PHP Programmierung Schulungen\" \/>\n<meta property=\"article:modified_time\" content=\"2022-05-19T21:58:47+00:00\" \/>\n<meta property=\"og:image\" content=\"https:\/\/neidrider.de\/wp-content\/uploads\/2022\/05\/schulung-seminar-workshop.png\" \/>\n<meta name=\"twitter:card\" content=\"summary_large_image\" \/>\n<meta name=\"twitter:label1\" content=\"Est. reading time\" \/>\n\t<meta name=\"twitter:data1\" content=\"3 minutes\" \/>\n<script type=\"application\/ld+json\" class=\"yoast-schema-graph\">{\"@context\":\"https:\/\/schema.org\",\"@graph\":[{\"@type\":\"WebPage\",\"@id\":\"https:\/\/neidrider.de\/en\/adobe-schulungen-seminare-workshops\/\",\"url\":\"https:\/\/neidrider.de\/en\/adobe-schulungen-seminare-workshops\/\",\"name\":\"Adobe Schulungen Seminare Workshops - praxisnah - zertifizierte Trainer\",\"isPartOf\":{\"@id\":\"https:\/\/neidrider.de\/#website\"},\"primaryImageOfPage\":{\"@id\":\"https:\/\/neidrider.de\/en\/adobe-schulungen-seminare-workshops\/#primaryimage\"},\"image\":{\"@id\":\"https:\/\/neidrider.de\/en\/adobe-schulungen-seminare-workshops\/#primaryimage\"},\"thumbnailUrl\":\"https:\/\/neidrider.de\/wp-content\/uploads\/2022\/05\/schulung-seminar-workshop.png\",\"datePublished\":\"2022-05-19T17:40:39+00:00\",\"dateModified\":\"2022-05-19T21:58:47+00:00\",\"description\":\"Adobe Schulungen Seminare Workshops seit 1999 - erfahrene Dozenten - Adobe Certified - mit umfangreicher Praxiserfahrung\",\"breadcrumb\":{\"@id\":\"https:\/\/neidrider.de\/en\/adobe-schulungen-seminare-workshops\/#breadcrumb\"},\"inLanguage\":\"en-GB\",\"potentialAction\":[{\"@type\":\"ReadAction\",\"target\":[\"https:\/\/neidrider.de\/en\/adobe-schulungen-seminare-workshops\/\"]}]},{\"@type\":\"ImageObject\",\"inLanguage\":\"en-GB\",\"@id\":\"https:\/\/neidrider.de\/en\/adobe-schulungen-seminare-workshops\/#primaryimage\",\"url\":\"https:\/\/neidrider.de\/wp-content\/uploads\/2022\/05\/schulung-seminar-workshop.png\",\"contentUrl\":\"https:\/\/neidrider.de\/wp-content\/uploads\/2022\/05\/schulung-seminar-workshop.png\"},{\"@type\":\"BreadcrumbList\",\"@id\":\"https:\/\/neidrider.de\/en\/adobe-schulungen-seminare-workshops\/#breadcrumb\",\"itemListElement\":[{\"@type\":\"ListItem\",\"position\":1,\"name\":\"Home\",\"item\":\"https:\/\/neidrider.de\/\"},{\"@type\":\"ListItem\",\"position\":2,\"name\":\"Adobe Schulungen Seminare Workshops\"}]},{\"@type\":\"WebSite\",\"@id\":\"https:\/\/neidrider.de\/en\/#website\",\"url\":\"https:\/\/neidrider.de\/en\/\",\"name\":\"NeidRider WebDesign PHP Programmierung Schulungen\",\"description\":\"\",\"publisher\":{\"@id\":\"https:\/\/neidrider.de\/en\/#organization\"},\"potentialAction\":[{\"@type\":\"SearchAction\",\"target\":{\"@type\":\"EntryPoint\",\"urlTemplate\":\"https:\/\/neidrider.de\/en\/?s={search_term_string}\"},\"query-input\":{\"@type\":\"PropertyValueSpecification\",\"valueRequired\":true,\"valueName\":\"search_term_string\"}}],\"inLanguage\":\"en-GB\"},{\"@type\":\"Organization\",\"@id\":\"https:\/\/neidrider.de\/en\/#organization\",\"name\":\"INVESTMENT COINS\",\"url\":\"https:\/\/neidrider.de\/en\/\",\"logo\":{\"@type\":\"ImageObject\",\"inLanguage\":\"en-GB\",\"@id\":\"https:\/\/neidrider.de\/en\/#\/schema\/logo\/image\/\",\"url\":\"https:\/\/neidrider.de\/wp-content\/uploads\/2021\/07\/logo2.png\",\"contentUrl\":\"https:\/\/neidrider.de\/wp-content\/uploads\/2021\/07\/logo2.png\",\"width\":450,\"height\":63,\"caption\":\"INVESTMENT COINS\"},\"image\":{\"@id\":\"https:\/\/neidrider.de\/en\/#\/schema\/logo\/image\/\"}}]}<\/script>\n<!-- \/ Yoast SEO plugin. -->","yoast_head_json":{"title":"Adobe Schulungen Seminare Workshops - praxisnah - zertifizierte Trainer","description":"Adobe Schulungen Seminare Workshops seit 1999 - erfahrene Dozenten - Adobe Certified - mit umfangreicher Praxiserfahrung","robots":{"index":"index","follow":"follow","max-snippet":"max-snippet:-1","max-image-preview":"max-image-preview:large","max-video-preview":"max-video-preview:-1"},"canonical":"ADOBE SCHULUNGEN SEMINARE WORKSHOPS ADOBE ZERTIFIZIERTE TRAINER MIT LANGJ\u00c4HRIGER PRAXISERFAHRUNG Adobe Schulungen, Seminare, Workshops - seit 1999 Unsere Dozenten sind Adobe zertifizierte Experten mit langj\u00e4hriger Praxiserfahrung in den Bereichen Druckvorstufe, Webentwicklung, Werbetechnik und Videobearbeitung und 3D. Adobe Creative Suite Schulungen Wir bieten Schulungen, Seminare und Workshops zu den einzelnen Programmen aus der Adobe Creative Suite:&hellip;","og_locale":"en_GB","og_type":"article","og_title":"Adobe Schulungen Seminare Workshops - praxisnah - zertifizierte Trainer","og_description":"Adobe Schulungen Seminare Workshops seit 1999 - erfahrene Dozenten - Adobe Certified - mit umfangreicher Praxiserfahrung","og_url":"https:\/\/neidrider.de\/en\/adobe-schulungen-seminare-workshops\/","og_site_name":"NeidRider WebDesign PHP Programmierung Schulungen","article_modified_time":"2022-05-19T21:58:47+00:00","og_image":[{"url":"https:\/\/neidrider.de\/wp-content\/uploads\/2022\/05\/schulung-seminar-workshop.png","type":"","width":"","height":""}],"twitter_card":"summary_large_image","twitter_misc":{"Est. reading time":"3 minutes"},"schema":{"@context":"https:\/\/schema.org","@graph":[{"@type":"WebPage","@id":"https:\/\/neidrider.de\/en\/adobe-schulungen-seminare-workshops\/","url":"https:\/\/neidrider.de\/en\/adobe-schulungen-seminare-workshops\/","name":"Adobe Schulungen Seminare Workshops - praxisnah - zertifizierte Trainer","isPartOf":{"@id":"https:\/\/neidrider.de\/#website"},"primaryImageOfPage":{"@id":"https:\/\/neidrider.de\/en\/adobe-schulungen-seminare-workshops\/#primaryimage"},"image":{"@id":"https:\/\/neidrider.de\/en\/adobe-schulungen-seminare-workshops\/#primaryimage"},"thumbnailUrl":"https:\/\/neidrider.de\/wp-content\/uploads\/2022\/05\/schulung-seminar-workshop.png","datePublished":"2022-05-19T17:40:39+00:00","dateModified":"2022-05-19T21:58:47+00:00","description":"Adobe Schulungen Seminare Workshops seit 1999 - erfahrene Dozenten - Adobe Certified - mit umfangreicher Praxiserfahrung","breadcrumb":{"@id":"https:\/\/neidrider.de\/en\/adobe-schulungen-seminare-workshops\/#breadcrumb"},"inLanguage":"en-GB","potentialAction":[{"@type":"ReadAction","target":["https:\/\/neidrider.de\/en\/adobe-schulungen-seminare-workshops\/"]}]},{"@type":"ImageObject","inLanguage":"en-GB","@id":"https:\/\/neidrider.de\/en\/adobe-schulungen-seminare-workshops\/#primaryimage","url":"https:\/\/neidrider.de\/wp-content\/uploads\/2022\/05\/schulung-seminar-workshop.png","contentUrl":"https:\/\/neidrider.de\/wp-content\/uploads\/2022\/05\/schulung-seminar-workshop.png"},{"@type":"BreadcrumbList","@id":"https:\/\/neidrider.de\/en\/adobe-schulungen-seminare-workshops\/#breadcrumb","itemListElement":[{"@type":"ListItem","position":1,"name":"Home","item":"https:\/\/neidrider.de\/"},{"@type":"ListItem","position":2,"name":"Adobe Schulungen Seminare Workshops"}]},{"@type":"WebSite","@id":"https:\/\/neidrider.de\/en\/#website","url":"https:\/\/neidrider.de\/en\/","name":"NeidRider WebDesign PHP Programmierung Schulungen","description":"","publisher":{"@id":"https:\/\/neidrider.de\/en\/#organization"},"potentialAction":[{"@type":"SearchAction","target":{"@type":"EntryPoint","urlTemplate":"https:\/\/neidrider.de\/en\/?s={search_term_string}"},"query-input":{"@type":"PropertyValueSpecification","valueRequired":true,"valueName":"search_term_string"}}],"inLanguage":"en-GB"},{"@type":"Organization","@id":"https:\/\/neidrider.de\/en\/#organization","name":"INVESTMENT COINS","url":"https:\/\/neidrider.de\/en\/","logo":{"@type":"ImageObject","inLanguage":"en-GB","@id":"https:\/\/neidrider.de\/en\/#\/schema\/logo\/image\/","url":"https:\/\/neidrider.de\/wp-content\/uploads\/2021\/07\/logo2.png","contentUrl":"https:\/\/neidrider.de\/wp-content\/uploads\/2021\/07\/logo2.png","width":450,"height":63,"caption":"INVESTMENT COINS"},"image":{"@id":"https:\/\/neidrider.de\/en\/#\/schema\/logo\/image\/"}}]}},"_links":{"self":[{"href":"https:\/\/neidrider.de\/en\/wp-json\/wp\/v2\/pages\/4008","targetHints":{"allow":["GET"]}}],"collection":[{"href":"https:\/\/neidrider.de\/en\/wp-json\/wp\/v2\/pages"}],"about":[{"href":"https:\/\/neidrider.de\/en\/wp-json\/wp\/v2\/types\/page"}],"author":[{"embeddable":true,"href":"https:\/\/neidrider.de\/en\/wp-json\/wp\/v2\/users\/1"}],"replies":[{"embeddable":true,"href":"https:\/\/neidrider.de\/en\/wp-json\/wp\/v2\/comments?post=4008"}],"version-history":[{"count":0,"href":"https:\/\/neidrider.de\/en\/wp-json\/wp\/v2\/pages\/4008\/revisions"}],"wp:attachment":[{"href":"https:\/\/neidrider.de\/en\/wp-json\/wp\/v2\/media?parent=4008"}],"curies":[{"name":"wp","href":"https:\/\/api.w.org\/{rel}","templated":true}]}}