{"id":2014,"date":"2021-07-19T14:43:21","date_gmt":"2021-07-19T14:43:21","guid":{"rendered":"https:\/\/neidrider.de\/?page_id=2014"},"modified":"2021-07-20T21:23:49","modified_gmt":"2021-07-20T21:23:49","slug":"investment-coins","status":"publish","type":"page","link":"https:\/\/neidrider.de\/en\/investment-coins\/","title":{"rendered":"Investment Coins"},"content":{"rendered":"\t\t<div data-elementor-type=\"wp-page\" data-elementor-id=\"2014\" class=\"elementor elementor-2014\">\n\t\t\t\t\t\t<section class=\"elementor-section elementor-top-section elementor-element elementor-element-fd08939 elementor-section-boxed elementor-section-height-default elementor-section-height-default\" data-id=\"fd08939\" data-element_type=\"section\">\n\t\t\t\t\t\t<div class=\"elementor-container elementor-column-gap-default\">\n\t\t\t\t\t<div class=\"elementor-column elementor-col-100 elementor-top-column elementor-element elementor-element-2f9f597\" data-id=\"2f9f597\" data-element_type=\"column\">\n\t\t\t<div class=\"elementor-widget-wrap elementor-element-populated\">\n\t\t\t\t\t\t<div class=\"elementor-element elementor-element-061cf06 elementor-widget elementor-widget-heading\" data-id=\"061cf06\" data-element_type=\"widget\" data-widget_type=\"heading.default\">\n\t\t\t\t<div class=\"elementor-widget-container\">\n\t\t\t\t\t<h1 class=\"elementor-heading-title elementor-size-default\">Investment Coins - investieren Sie in Gold- und Silber<\/h1>\t\t\t\t<\/div>\n\t\t\t\t<\/div>\n\t\t\t\t\t<\/div>\n\t\t<\/div>\n\t\t\t\t\t<\/div>\n\t\t<\/section>\n\t\t\t\t<section class=\"elementor-section elementor-top-section elementor-element elementor-element-cd32530 elementor-section-boxed elementor-section-height-default elementor-section-height-default\" data-id=\"cd32530\" data-element_type=\"section\">\n\t\t\t\t\t\t<div class=\"elementor-container elementor-column-gap-default\">\n\t\t\t\t\t<div class=\"elementor-column elementor-col-100 elementor-top-column elementor-element elementor-element-4df3fba\" data-id=\"4df3fba\" data-element_type=\"column\">\n\t\t\t<div class=\"elementor-widget-wrap elementor-element-populated\">\n\t\t\t\t\t\t<div class=\"elementor-element elementor-element-d593efb elementor-widget elementor-widget-text-editor\" data-id=\"d593efb\" data-element_type=\"widget\" data-widget_type=\"text-editor.default\">\n\t\t\t\t<div class=\"elementor-widget-container\">\n\t\t\t\t\t\t\t\t\t<h2>Coins with the potential to increase in value<\/h2><p>Investment coins. de offers selected, sought-after gold and silver coins from small editions<\/p><p>Such coins usually have a high potential for appreciation and are therefore an attractive form of investment.<\/p><p>When choosing the coins, we pay attention to the following criteria, among others:<\/p><p>Popularity of the coin in the market<br \/>Edition<br \/>Value growth potential<br \/>The likelihood that the value of a coin will increase and that it can be sold again on the market at an attractive price depends, among other things, on its popularity and mintage.<\/p><p>Some coins are so popular that when they appear on the market, they already show an enormous increase in price in relation to the issue price. Such coins are usually sold out within a very short time.<\/p><h2>Examples of coveted silver coins<\/h2>\t\t\t\t\t\t\t\t<\/div>\n\t\t\t\t<\/div>\n\t\t\t\t\t<\/div>\n\t\t<\/div>\n\t\t\t\t\t<\/div>\n\t\t<\/section>\n\t\t\t\t<section class=\"elementor-section elementor-top-section elementor-element elementor-element-29f9af6 elementor-section-boxed elementor-section-height-default elementor-section-height-default\" data-id=\"29f9af6\" data-element_type=\"section\">\n\t\t\t\t\t\t<div class=\"elementor-container elementor-column-gap-default\">\n\t\t\t\t\t<div class=\"elementor-column elementor-col-50 elementor-top-column elementor-element elementor-element-6d9d54a\" data-id=\"6d9d54a\" data-element_type=\"column\">\n\t\t\t<div class=\"elementor-widget-wrap elementor-element-populated\">\n\t\t\t\t\t\t<div class=\"elementor-element elementor-element-2dbef23 elementor-widget elementor-widget-image\" data-id=\"2dbef23\" data-element_type=\"widget\" data-widget_type=\"image.default\">\n\t\t\t\t<div class=\"elementor-widget-container\">\n\t\t\t\t\t\t\t\t\t\t\t\t\t\t\t<img fetchpriority=\"high\" decoding=\"async\" width=\"797\" height=\"1024\" src=\"https:\/\/neidrider.de\/wp-content\/uploads\/2021\/07\/gagarin1-797x1024.jpg\" class=\"attachment-large size-large wp-image-1955\" alt=\"Interkosmos Gagarin 1 OZ\" srcset=\"https:\/\/neidrider.de\/wp-content\/uploads\/2021\/07\/gagarin1-797x1024.jpg 797w, https:\/\/neidrider.de\/wp-content\/uploads\/2021\/07\/gagarin1-265x340.jpg 265w, https:\/\/neidrider.de\/wp-content\/uploads\/2021\/07\/gagarin1-100x128.jpg 100w, https:\/\/neidrider.de\/wp-content\/uploads\/2021\/07\/gagarin1-504x647.jpg 504w, https:\/\/neidrider.de\/wp-content\/uploads\/2021\/07\/gagarin1-311x400.jpg 311w, https:\/\/neidrider.de\/wp-content\/uploads\/2021\/07\/gagarin1-195x250.jpg 195w, https:\/\/neidrider.de\/wp-content\/uploads\/2021\/07\/gagarin1-768x986.jpg 768w, https:\/\/neidrider.de\/wp-content\/uploads\/2021\/07\/gagarin1.jpg 900w\" sizes=\"(max-width: 797px) 100vw, 797px\" \/>\t\t\t\t\t\t\t\t\t\t\t\t\t\t\t<\/div>\n\t\t\t\t<\/div>\n\t\t\t\t<div class=\"elementor-element elementor-element-01af59c elementor-widget elementor-widget-text-editor\" data-id=\"01af59c\" data-element_type=\"widget\" data-widget_type=\"text-editor.default\">\n\t\t\t\t<div class=\"elementor-widget-container\">\n\t\t\t\t\t\t\t\t\t<h2>Interkosmos Gagarin 1 OZ<\/h2><p>Ein aktuelles Beispiel f\u00fcr eine sehr begehrte vor kurzem erschienen M\u00fcnze ist die Interkosmos Gagarin 1 OZ M\u00fcnze.\u00a0<\/p><p>Diese M\u00fcnze ist Ende Juni 2021 erschienen und wird aktuell vereinzelt zum Preis von 220-350 \u20ac angeboten.\u00a0<\/p>\t\t\t\t\t\t\t\t<\/div>\n\t\t\t\t<\/div>\n\t\t\t\t\t<\/div>\n\t\t<\/div>\n\t\t\t\t<div class=\"elementor-column elementor-col-50 elementor-top-column elementor-element elementor-element-9917e4d\" data-id=\"9917e4d\" data-element_type=\"column\">\n\t\t\t<div class=\"elementor-widget-wrap elementor-element-populated\">\n\t\t\t\t\t\t<div class=\"elementor-element elementor-element-aa3a6b7 elementor-widget elementor-widget-image\" data-id=\"aa3a6b7\" data-element_type=\"widget\" data-widget_type=\"image.default\">\n\t\t\t\t<div class=\"elementor-widget-container\">\n\t\t\t\t\t\t\t\t\t\t\t\t\t\t\t<img decoding=\"async\" width=\"797\" height=\"1024\" src=\"https:\/\/neidrider.de\/wp-content\/uploads\/2021\/07\/military1-797x1024.jpg\" class=\"attachment-large size-large wp-image-1635\" alt=\"American Eagle Military 2019 1 OZ\" srcset=\"https:\/\/neidrider.de\/wp-content\/uploads\/2021\/07\/military1-797x1024.jpg 797w, https:\/\/neidrider.de\/wp-content\/uploads\/2021\/07\/military1-265x340.jpg 265w, https:\/\/neidrider.de\/wp-content\/uploads\/2021\/07\/military1-100x128.jpg 100w, https:\/\/neidrider.de\/wp-content\/uploads\/2021\/07\/military1-504x647.jpg 504w, https:\/\/neidrider.de\/wp-content\/uploads\/2021\/07\/military1-311x400.jpg 311w, https:\/\/neidrider.de\/wp-content\/uploads\/2021\/07\/military1-195x250.jpg 195w, https:\/\/neidrider.de\/wp-content\/uploads\/2021\/07\/military1-768x986.jpg 768w, https:\/\/neidrider.de\/wp-content\/uploads\/2021\/07\/military1.jpg 900w\" sizes=\"(max-width: 797px) 100vw, 797px\" \/>\t\t\t\t\t\t\t\t\t\t\t\t\t\t\t<\/div>\n\t\t\t\t<\/div>\n\t\t\t\t<div class=\"elementor-element elementor-element-21bcd48 elementor-widget elementor-widget-text-editor\" data-id=\"21bcd48\" data-element_type=\"widget\" data-widget_type=\"text-editor.default\">\n\t\t\t\t<div class=\"elementor-widget-container\">\n\t\t\t\t\t\t\t\t\t<h2>American Eagle Military 2019<\/h2><p>Diese M\u00fcnze ist eine Rarit\u00e4t. Derzeit scheint unsere Military weltweit die einzige zu sein, die auf dem Markt angeboten wird.<\/p><p>Der Ausgabepreis lag 2019 bei ca. 30 \u20ac. Der aktuelle Wert liegt bei ca. 500 \u20ac.<\/p>\t\t\t\t\t\t\t\t<\/div>\n\t\t\t\t<\/div>\n\t\t\t\t\t<\/div>\n\t\t<\/div>\n\t\t\t\t\t<\/div>\n\t\t<\/section>\n\t\t\t\t<section class=\"elementor-section elementor-top-section elementor-element elementor-element-b96e5ab elementor-section-boxed elementor-section-height-default elementor-section-height-default\" data-id=\"b96e5ab\" data-element_type=\"section\">\n\t\t\t\t\t\t<div class=\"elementor-container elementor-column-gap-default\">\n\t\t\t\t\t<div class=\"elementor-column elementor-col-100 elementor-top-column elementor-element elementor-element-3079b7d\" data-id=\"3079b7d\" data-element_type=\"column\">\n\t\t\t<div class=\"elementor-widget-wrap elementor-element-populated\">\n\t\t\t\t\t\t<div class=\"elementor-element elementor-element-ef3ef85 elementor-widget elementor-widget-text-editor\" data-id=\"ef3ef85\" data-element_type=\"widget\" data-widget_type=\"text-editor.default\">\n\t\t\t\t<div class=\"elementor-widget-container\">\n\t\t\t\t\t\t\t\t\t<p>Packages &#8211; standard or individual<\/p><p>Investment Coins offers ready-made investment packages in different price ranges.<\/p>\t\t\t\t\t\t\t\t<\/div>\n\t\t\t\t<\/div>\n\t\t\t\t\t<\/div>\n\t\t<\/div>\n\t\t\t\t\t<\/div>\n\t\t<\/section>\n\t\t\t\t<\/div>\n\t\t","protected":false},"excerpt":{"rendered":"<p>Investment Coins &#8211; investieren Sie in Gold- und Silber M\u00fcnzen mit Wertsteigerungspotential Investment &#8211; Coins. de bietet ausgesuchte, begehrte Gold- und Silberm\u00fcnzen aus Kleinauflagen Solche M\u00fcnzen haben in der Regel einen hohen Wertsteigerungspotential und sind deshalb eine attraktive Anlageform. Bei der Wahl der M\u00fcnzen achten wir u.a. auf folgende Kriterien: Beliebtheit der M\u00fcnze auf dem [&hellip;]<\/p>\n","protected":false},"author":1,"featured_media":0,"parent":0,"menu_order":0,"comment_status":"closed","ping_status":"closed","template":"","meta":{"ocean_post_layout":"right-sidebar","ocean_both_sidebars_style":"","ocean_both_sidebars_content_width":0,"ocean_both_sidebars_sidebars_width":0,"ocean_sidebar":"ocs-rechte-sidebar","ocean_second_sidebar":"0","ocean_disable_margins":"enable","ocean_add_body_class":"","ocean_shortcode_before_top_bar":"","ocean_shortcode_after_top_bar":"","ocean_shortcode_before_header":"","ocean_shortcode_after_header":"","ocean_has_shortcode":"","ocean_shortcode_after_title":"","ocean_shortcode_before_footer_widgets":"","ocean_shortcode_after_footer_widgets":"","ocean_shortcode_before_footer_bottom":"","ocean_shortcode_after_footer_bottom":"","ocean_display_top_bar":"default","ocean_display_header":"default","ocean_header_style":"","ocean_center_header_left_menu":"0","ocean_custom_header_template":"0","ocean_custom_logo":0,"ocean_custom_retina_logo":0,"ocean_custom_logo_max_width":0,"ocean_custom_logo_tablet_max_width":0,"ocean_custom_logo_mobile_max_width":0,"ocean_custom_logo_max_height":0,"ocean_custom_logo_tablet_max_height":0,"ocean_custom_logo_mobile_max_height":0,"ocean_header_custom_menu":"0","ocean_menu_typo_font_family":"0","ocean_menu_typo_font_subset":"","ocean_menu_typo_font_size":0,"ocean_menu_typo_font_size_tablet":0,"ocean_menu_typo_font_size_mobile":0,"ocean_menu_typo_font_size_unit":"px","ocean_menu_typo_font_weight":"","ocean_menu_typo_font_weight_tablet":"","ocean_menu_typo_font_weight_mobile":"","ocean_menu_typo_transform":"","ocean_menu_typo_transform_tablet":"","ocean_menu_typo_transform_mobile":"","ocean_menu_typo_line_height":0,"ocean_menu_typo_line_height_tablet":0,"ocean_menu_typo_line_height_mobile":0,"ocean_menu_typo_line_height_unit":"","ocean_menu_typo_spacing":0,"ocean_menu_typo_spacing_tablet":0,"ocean_menu_typo_spacing_mobile":0,"ocean_menu_typo_spacing_unit":"","ocean_menu_link_color":"","ocean_menu_link_color_hover":"","ocean_menu_link_color_active":"","ocean_menu_link_background":"","ocean_menu_link_hover_background":"","ocean_menu_link_active_background":"","ocean_menu_social_links_bg":"","ocean_menu_social_hover_links_bg":"","ocean_menu_social_links_color":"","ocean_menu_social_hover_links_color":"","ocean_disable_title":"default","ocean_disable_heading":"default","ocean_post_title":"","ocean_post_subheading":"","ocean_post_title_style":"","ocean_post_title_background_color":"","ocean_post_title_background":0,"ocean_post_title_bg_image_position":"","ocean_post_title_bg_image_attachment":"","ocean_post_title_bg_image_repeat":"","ocean_post_title_bg_image_size":"","ocean_post_title_height":0,"ocean_post_title_bg_overlay":0.5,"ocean_post_title_bg_overlay_color":"","ocean_disable_breadcrumbs":"default","ocean_breadcrumbs_color":"","ocean_breadcrumbs_separator_color":"","ocean_breadcrumbs_links_color":"","ocean_breadcrumbs_links_hover_color":"","ocean_display_footer_widgets":"default","ocean_display_footer_bottom":"default","ocean_custom_footer_template":"0","omw_enable_modal_window":"enable","footnotes":""},"class_list":["post-2014","page","type-page","status-publish","hentry","entry"],"yoast_head":"<!-- This site is optimized with the Yoast SEO plugin v25.7 - https:\/\/yoast.com\/wordpress\/plugins\/seo\/ -->\n<title>Investment Coins<\/title>\n<meta name=\"description\" content=\"Investment Coins - investieren Sie in Gold- und Silber M\u00fcnzen mit Wertsteigerungspotential Investment - Coins. de bietet ausgesuchte, begehrte Gold- und Silberm\u00fcnzen aus Kleinauflagen Solche M\u00fcnzen haben in der Regel einen hohen Wertsteigerungspotential und sind deshalb eine attraktive Anlageform. Bei der Wahl der M\u00fcnzen achten wir u.a. auf folgende Kriterien: Beliebtheit der M\u00fcnze auf dem&hellip;\" \/>\n<meta name=\"robots\" content=\"index, follow, max-snippet:-1, max-image-preview:large, max-video-preview:-1\" \/>\n<link rel=\"canonical\" href=\"\" \/>\n<meta property=\"og:locale\" content=\"en_GB\" \/>\n<meta property=\"og:type\" content=\"article\" \/>\n<meta property=\"og:title\" content=\"Investment Coins\" \/>\n<meta property=\"og:description\" content=\"Investment Coins - investieren Sie in Gold- und Silber M\u00fcnzen mit Wertsteigerungspotential Investment - Coins. de bietet ausgesuchte, begehrte Gold- und Silberm\u00fcnzen aus Kleinauflagen Solche M\u00fcnzen haben in der Regel einen hohen Wertsteigerungspotential und sind deshalb eine attraktive Anlageform. Bei der Wahl der M\u00fcnzen achten wir u.a. auf folgende Kriterien: Beliebtheit der M\u00fcnze auf dem&hellip;\" \/>\n<meta property=\"og:url\" content=\"https:\/\/neidrider.de\/en\/investment-coins\/\" \/>\n<meta property=\"og:site_name\" content=\"NeidRider WebDesign PHP Programmierung Schulungen\" \/>\n<meta property=\"article:modified_time\" content=\"2021-07-20T21:23:49+00:00\" \/>\n<meta property=\"og:image\" content=\"https:\/\/neidrider.de\/wp-content\/uploads\/2021\/07\/gagarin1-797x1024.jpg\" \/>\n<meta name=\"twitter:card\" content=\"summary_large_image\" \/>\n<meta name=\"twitter:label1\" content=\"Est. reading time\" \/>\n\t<meta name=\"twitter:data1\" content=\"2 minutes\" \/>\n<script type=\"application\/ld+json\" class=\"yoast-schema-graph\">{\"@context\":\"https:\/\/schema.org\",\"@graph\":[{\"@type\":\"WebPage\",\"@id\":\"https:\/\/neidrider.de\/en\/investment-coins\/\",\"url\":\"https:\/\/neidrider.de\/en\/investment-coins\/\",\"name\":\"Investment Coins | NeidRider WebDesign PHP Programmierung Schulungen\",\"isPartOf\":{\"@id\":\"https:\/\/neidrider.de\/#website\"},\"primaryImageOfPage\":{\"@id\":\"https:\/\/neidrider.de\/en\/investment-coins\/#primaryimage\"},\"image\":{\"@id\":\"https:\/\/neidrider.de\/en\/investment-coins\/#primaryimage\"},\"thumbnailUrl\":\"https:\/\/neidrider.de\/wp-content\/uploads\/2021\/07\/gagarin1-797x1024.jpg\",\"datePublished\":\"2021-07-19T14:43:21+00:00\",\"dateModified\":\"2021-07-20T21:23:49+00:00\",\"description\":\"Investment Coins - investieren Sie in Gold- und Silber M\u00fcnzen mit Wertsteigerungspotential Investment - Coins. de bietet ausgesuchte, begehrte Gold- und\",\"breadcrumb\":{\"@id\":\"https:\/\/neidrider.de\/en\/investment-coins\/#breadcrumb\"},\"inLanguage\":\"en-GB\",\"potentialAction\":[{\"@type\":\"ReadAction\",\"target\":[\"https:\/\/neidrider.de\/en\/investment-coins\/\"]}]},{\"@type\":\"ImageObject\",\"inLanguage\":\"en-GB\",\"@id\":\"https:\/\/neidrider.de\/en\/investment-coins\/#primaryimage\",\"url\":\"https:\/\/neidrider.de\/wp-content\/uploads\/2021\/07\/gagarin1-797x1024.jpg\",\"contentUrl\":\"https:\/\/neidrider.de\/wp-content\/uploads\/2021\/07\/gagarin1-797x1024.jpg\"},{\"@type\":\"BreadcrumbList\",\"@id\":\"https:\/\/neidrider.de\/en\/investment-coins\/#breadcrumb\",\"itemListElement\":[{\"@type\":\"ListItem\",\"position\":1,\"name\":\"Home\",\"item\":\"https:\/\/neidrider.de\/\"},{\"@type\":\"ListItem\",\"position\":2,\"name\":\"Investment Coins\"}]},{\"@type\":\"WebSite\",\"@id\":\"https:\/\/neidrider.de\/en\/#website\",\"url\":\"https:\/\/neidrider.de\/en\/\",\"name\":\"NeidRider WebDesign PHP Programmierung Schulungen\",\"description\":\"\",\"publisher\":{\"@id\":\"https:\/\/neidrider.de\/en\/#organization\"},\"potentialAction\":[{\"@type\":\"SearchAction\",\"target\":{\"@type\":\"EntryPoint\",\"urlTemplate\":\"https:\/\/neidrider.de\/en\/?s={search_term_string}\"},\"query-input\":{\"@type\":\"PropertyValueSpecification\",\"valueRequired\":true,\"valueName\":\"search_term_string\"}}],\"inLanguage\":\"en-GB\"},{\"@type\":\"Organization\",\"@id\":\"https:\/\/neidrider.de\/en\/#organization\",\"name\":\"INVESTMENT COINS\",\"url\":\"https:\/\/neidrider.de\/en\/\",\"logo\":{\"@type\":\"ImageObject\",\"inLanguage\":\"en-GB\",\"@id\":\"https:\/\/neidrider.de\/en\/#\/schema\/logo\/image\/\",\"url\":\"https:\/\/neidrider.de\/wp-content\/uploads\/2021\/07\/logo2.png\",\"contentUrl\":\"https:\/\/neidrider.de\/wp-content\/uploads\/2021\/07\/logo2.png\",\"width\":450,\"height\":63,\"caption\":\"INVESTMENT COINS\"},\"image\":{\"@id\":\"https:\/\/neidrider.de\/en\/#\/schema\/logo\/image\/\"}}]}<\/script>\n<!-- \/ Yoast SEO plugin. -->","yoast_head_json":{"title":"Investment Coins","description":"Investment Coins - investieren Sie in Gold- und Silber M\u00fcnzen mit Wertsteigerungspotential Investment - Coins. de bietet ausgesuchte, begehrte Gold- und Silberm\u00fcnzen aus Kleinauflagen Solche M\u00fcnzen haben in der Regel einen hohen Wertsteigerungspotential und sind deshalb eine attraktive Anlageform. Bei der Wahl der M\u00fcnzen achten wir u.a. auf folgende Kriterien: Beliebtheit der M\u00fcnze auf dem&hellip;","robots":{"index":"index","follow":"follow","max-snippet":"max-snippet:-1","max-image-preview":"max-image-preview:large","max-video-preview":"max-video-preview:-1"},"canonical":"Investment Coins - investieren Sie in Gold- und Silber M\u00fcnzen mit Wertsteigerungspotential Investment - Coins. de bietet ausgesuchte, begehrte Gold- und Silberm\u00fcnzen aus Kleinauflagen Solche M\u00fcnzen haben in der Regel einen hohen Wertsteigerungspotential und sind deshalb eine attraktive Anlageform. Bei der Wahl der M\u00fcnzen achten wir u.a. auf folgende Kriterien: Beliebtheit der M\u00fcnze auf dem&hellip;","og_locale":"en_GB","og_type":"article","og_title":"Investment Coins","og_description":"Investment Coins - investieren Sie in Gold- und Silber M\u00fcnzen mit Wertsteigerungspotential Investment - Coins. de bietet ausgesuchte, begehrte Gold- und Silberm\u00fcnzen aus Kleinauflagen Solche M\u00fcnzen haben in der Regel einen hohen Wertsteigerungspotential und sind deshalb eine attraktive Anlageform. Bei der Wahl der M\u00fcnzen achten wir u.a. auf folgende Kriterien: Beliebtheit der M\u00fcnze auf dem&hellip;","og_url":"https:\/\/neidrider.de\/en\/investment-coins\/","og_site_name":"NeidRider WebDesign PHP Programmierung Schulungen","article_modified_time":"2021-07-20T21:23:49+00:00","og_image":[{"url":"https:\/\/neidrider.de\/wp-content\/uploads\/2021\/07\/gagarin1-797x1024.jpg","type":"","width":"","height":""}],"twitter_card":"summary_large_image","twitter_misc":{"Est. reading time":"2 minutes"},"schema":{"@context":"https:\/\/schema.org","@graph":[{"@type":"WebPage","@id":"https:\/\/neidrider.de\/en\/investment-coins\/","url":"https:\/\/neidrider.de\/en\/investment-coins\/","name":"Investment Coins | NeidRider WebDesign PHP Programmierung Schulungen","isPartOf":{"@id":"https:\/\/neidrider.de\/#website"},"primaryImageOfPage":{"@id":"https:\/\/neidrider.de\/en\/investment-coins\/#primaryimage"},"image":{"@id":"https:\/\/neidrider.de\/en\/investment-coins\/#primaryimage"},"thumbnailUrl":"https:\/\/neidrider.de\/wp-content\/uploads\/2021\/07\/gagarin1-797x1024.jpg","datePublished":"2021-07-19T14:43:21+00:00","dateModified":"2021-07-20T21:23:49+00:00","description":"Investment Coins - investieren Sie in Gold- und Silber M\u00fcnzen mit Wertsteigerungspotential Investment - Coins. de bietet ausgesuchte, begehrte Gold- und","breadcrumb":{"@id":"https:\/\/neidrider.de\/en\/investment-coins\/#breadcrumb"},"inLanguage":"en-GB","potentialAction":[{"@type":"ReadAction","target":["https:\/\/neidrider.de\/en\/investment-coins\/"]}]},{"@type":"ImageObject","inLanguage":"en-GB","@id":"https:\/\/neidrider.de\/en\/investment-coins\/#primaryimage","url":"https:\/\/neidrider.de\/wp-content\/uploads\/2021\/07\/gagarin1-797x1024.jpg","contentUrl":"https:\/\/neidrider.de\/wp-content\/uploads\/2021\/07\/gagarin1-797x1024.jpg"},{"@type":"BreadcrumbList","@id":"https:\/\/neidrider.de\/en\/investment-coins\/#breadcrumb","itemListElement":[{"@type":"ListItem","position":1,"name":"Home","item":"https:\/\/neidrider.de\/"},{"@type":"ListItem","position":2,"name":"Investment Coins"}]},{"@type":"WebSite","@id":"https:\/\/neidrider.de\/en\/#website","url":"https:\/\/neidrider.de\/en\/","name":"NeidRider WebDesign PHP Programmierung Schulungen","description":"","publisher":{"@id":"https:\/\/neidrider.de\/en\/#organization"},"potentialAction":[{"@type":"SearchAction","target":{"@type":"EntryPoint","urlTemplate":"https:\/\/neidrider.de\/en\/?s={search_term_string}"},"query-input":{"@type":"PropertyValueSpecification","valueRequired":true,"valueName":"search_term_string"}}],"inLanguage":"en-GB"},{"@type":"Organization","@id":"https:\/\/neidrider.de\/en\/#organization","name":"INVESTMENT COINS","url":"https:\/\/neidrider.de\/en\/","logo":{"@type":"ImageObject","inLanguage":"en-GB","@id":"https:\/\/neidrider.de\/en\/#\/schema\/logo\/image\/","url":"https:\/\/neidrider.de\/wp-content\/uploads\/2021\/07\/logo2.png","contentUrl":"https:\/\/neidrider.de\/wp-content\/uploads\/2021\/07\/logo2.png","width":450,"height":63,"caption":"INVESTMENT COINS"},"image":{"@id":"https:\/\/neidrider.de\/en\/#\/schema\/logo\/image\/"}}]}},"_links":{"self":[{"href":"https:\/\/neidrider.de\/en\/wp-json\/wp\/v2\/pages\/2014","targetHints":{"allow":["GET"]}}],"collection":[{"href":"https:\/\/neidrider.de\/en\/wp-json\/wp\/v2\/pages"}],"about":[{"href":"https:\/\/neidrider.de\/en\/wp-json\/wp\/v2\/types\/page"}],"author":[{"embeddable":true,"href":"https:\/\/neidrider.de\/en\/wp-json\/wp\/v2\/users\/1"}],"replies":[{"embeddable":true,"href":"https:\/\/neidrider.de\/en\/wp-json\/wp\/v2\/comments?post=2014"}],"version-history":[{"count":0,"href":"https:\/\/neidrider.de\/en\/wp-json\/wp\/v2\/pages\/2014\/revisions"}],"wp:attachment":[{"href":"https:\/\/neidrider.de\/en\/wp-json\/wp\/v2\/media?parent=2014"}],"curies":[{"name":"wp","href":"https:\/\/api.w.org\/{rel}","templated":true}]}}