{"id":1815,"date":"2021-07-12T19:03:33","date_gmt":"2021-07-12T19:03:33","guid":{"rendered":"https:\/\/neidrider.de\/?page_id=1815"},"modified":"2022-04-15T23:36:42","modified_gmt":"2022-04-15T23:36:42","slug":"wiederrufsbelehrung","status":"publish","type":"page","link":"https:\/\/neidrider.de\/en\/wiederrufsbelehrung\/","title":{"rendered":"Cancelation policy"},"content":{"rendered":"\t\t<div data-elementor-type=\"wp-page\" data-elementor-id=\"1815\" class=\"elementor elementor-1815\">\n\t\t\t\t\t\t<section class=\"elementor-section elementor-top-section elementor-element elementor-element-6beccc1 elementor-section-boxed elementor-section-height-default elementor-section-height-default\" data-id=\"6beccc1\" data-element_type=\"section\">\n\t\t\t\t\t\t<div class=\"elementor-container elementor-column-gap-default\">\n\t\t\t\t\t<div class=\"elementor-column elementor-col-100 elementor-top-column elementor-element elementor-element-ca526b5\" data-id=\"ca526b5\" data-element_type=\"column\">\n\t\t\t<div class=\"elementor-widget-wrap elementor-element-populated\">\n\t\t\t\t\t\t<div class=\"elementor-element elementor-element-66adf13 elementor-widget elementor-widget-heading\" data-id=\"66adf13\" data-element_type=\"widget\" data-widget_type=\"heading.default\">\n\t\t\t\t<div class=\"elementor-widget-container\">\n\t\t\t\t\t<h2 class=\"elementor-heading-title elementor-size-default\">Revocation<\/h2>\t\t\t\t<\/div>\n\t\t\t\t<\/div>\n\t\t\t\t\t<\/div>\n\t\t<\/div>\n\t\t\t\t\t<\/div>\n\t\t<\/section>\n\t\t\t\t<section class=\"elementor-section elementor-top-section elementor-element elementor-element-a3064b0 elementor-section-boxed elementor-section-height-default elementor-section-height-default\" data-id=\"a3064b0\" data-element_type=\"section\">\n\t\t\t\t\t\t<div class=\"elementor-container elementor-column-gap-default\">\n\t\t\t\t\t<div class=\"elementor-column elementor-col-100 elementor-top-column elementor-element elementor-element-771e749\" data-id=\"771e749\" data-element_type=\"column\">\n\t\t\t<div class=\"elementor-widget-wrap elementor-element-populated\">\n\t\t\t\t\t\t<div class=\"elementor-element elementor-element-a868d2c elementor-widget elementor-widget-text-editor\" data-id=\"a868d2c\" data-element_type=\"widget\" data-widget_type=\"text-editor.default\">\n\t\t\t\t<div class=\"elementor-widget-container\">\n\t\t\t\t\t\t\t\t\t<p><b>Widerrufsrecht<\/b><\/p><p><b>Widerrufsrecht f\u00fcr Verbraucher\u00a0<\/b><\/p><p>Verbrauchern steht bei einem Fernabsatzvertrag, also auch bei einem im Internet geschlossenen Vertrag, grunds\u00e4tzlich ein Widerrufsrecht zu.<\/p><p>Gem\u00e4\u00df \u00a7 312g Abs. 2 Ziffer 8 BGB besteht jedoch dann kein Widerrufsrecht, wenn ein Fernabsatzvertrag die Lieferung von Waren zum Gegenstand hat, deren Preis auf dem Finanzmarkt von Schwankungen abh\u00e4ngt, auf die der Unternehmer keinen Einfluss hat und die innerhalb der Widerrufsfrist auftreten k\u00f6nnen. Dies betrifft unter anderem Edelmetalle, edelmetallhaltige Produkte bzw. Diamanten und Edelsteine.<\/p><p>Verbraucher ist jede nat\u00fcrliche Person, die ein Rechtsgesch\u00e4ft zu Zwecken abschlie\u00dft, die \u00fcberwiegend weder ihrer gewerblichen noch ihrer selbstst\u00e4ndigen beruflichen T\u00e4tigkeit zugerechnet werden kann.<\/p><p><b>Widerrufsbelehrung<\/b><\/p><p><br \/>Sie haben das Recht, binnen vierzehn Tagen ohne Angabe von Gr\u00fcnden diesen Vertrag zu widerrufen.\u00a0Die Widerrufsfrist betr\u00e4gt vierzehn Tage ab dem Tag,\u00a0<\/p><ul><li>an dem Sie oder ein von Ihnen benannter Dritter, der nicht der Bef\u00f6rderer ist, die Waren in Besitz genommen haben bzw. hat, sofern Sie eine oder mehrere Waren im Rahmen einer einheitlichen Bestellung bestellt haben und diese einheitlich geliefert wird bzw. werden;<\/li><\/ul><ul><li>an dem Sie oder ein von Ihnen benannter Dritter, der nicht der Bef\u00f6rderer ist, die letzte Ware in Besitz genommen haben bzw. hat, sofern Sie mehrere Waren im Rahmen einer einheitlichen Bestellung bestellt haben und diese getrennt geliefert werden;<\/li><\/ul><ul><li>an dem Sie oder ein von Ihnen benannter Dritter, der nicht der Bef\u00f6rderer ist, die letzte Teilsendung oder das letzte St\u00fcck in Besitz genommen haben bzw. hat, sofern Sie eine Ware bestellt haben, die in mehreren Teilsendungen oder St\u00fccken geliefert wird;<\/li><\/ul><p>Um Ihr Widerrufsrecht auszu\u00fcben, m\u00fcssen Sie uns\u00a0<\/p><p><a href=\"http:\/\/Investment-Coins.com\">Investment-Coins.com<\/a><br \/>J\u00f6rg St\u00e4hler<br \/>Postfach 110232 <br \/>46122 Oberhausen<\/p><p>info@investment-coins.com<\/p><p>mittels einer eindeutigen Erkl\u00e4rung (z.B. ein mit der Post versandter Brief, Telefax oder E-Mail) \u00fcber Ihren Entschluss, diesen Vertrag zu widerrufen, informieren. Sie k\u00f6nnen daf\u00fcr das beigef\u00fcgte Muster-Widerrufsformular verwenden, das jedoch nicht vorgeschrieben ist.<\/p><p>Zur Wahrung der Widerrufsfrist reicht es aus, dass Sie die Mitteilung \u00fcber die Aus\u00fcbung des Widerrufsrechts vor Ablauf der Widerrufsfrist absenden.<\/p><p><b>Folgen des Widerrufs<\/b><br \/><br \/>Wenn Sie diesen Vertrag widerrufen, haben wir Ihnen alle Zahlungen, die wir von Ihnen erhalten haben, einschlie\u00dflich der Lieferkosten (mit Ausnahme der zus\u00e4tzlichen Kosten, die sich daraus ergeben, dass Sie eine andere Art der Lieferung als die von uns angebotene, g\u00fcnstigste Standardlieferung gew\u00e4hlt haben), unverz\u00fcglich und sp\u00e4testens binnen\u00a0vierzehn Tagen\u00a0ab dem Tag zur\u00fcckzuzahlen, an dem die Mitteilung \u00fcber Ihren Widerruf dieses Vertrags bei uns eingegangen ist. F\u00fcr diese R\u00fcckzahlung verwenden wir dasselbe Zahlungsmittel, das Sie bei der urspr\u00fcnglichen Transaktion eingesetzt haben, es sei denn, mit Ihnen wurde ausdr\u00fccklich etwas anderes vereinbart; in keinem Fall werden Ihnen wegen dieser R\u00fcckzahlung Entgelte berechnet.<\/p><p>Wir k\u00f6nnen die R\u00fcckzahlung verweigern, bis wir die Waren wieder zur\u00fcckerhalten haben oder bis Sie den Nachweis erbracht haben, dass Sie die Waren zur\u00fcckgesandt haben, je nachdem, welches der fr\u00fchere Zeitpunkt ist.<\/p><p>Sie haben die Waren unverz\u00fcglich und in jedem Fall sp\u00e4testens binnen\u00a0vierzehn Tagen\u00a0ab dem Tag, an dem Sie uns \u00fcber den Widerruf dieses Vertrags unterrichten, an uns:<\/p><p><a href=\"http:\/\/Investment-Coins.com\">Investment-Coins.com<\/a><br \/>J\u00f6rg St\u00e4hler<br \/>Duisburgerstr. 80<br \/>46049 Oberhausen<\/p><p>zur\u00fcckzusenden. Die Frist ist gewahrt, wenn Sie die Waren vor Ablauf der Frist von\u00a0vierzehn Tagen\u00a0absenden.<\/p><p>Sie tragen die unmittelbaren Kosten der R\u00fccksendung der Waren.<\/p><p>Sie m\u00fcssen f\u00fcr einen etwaigen Wertverlust der Waren nur dann aufkommen, wenn dieser Wertverlust auf Ihre Handlungen zur\u00fcckzuf\u00fchren ist, die zur Pr\u00fcfung der Beschaffenheit, Eigenschaften und Funktionsweise der Waren nicht notwendig waren.<\/p><p><b>Ausschluss- bzw. Erl\u00f6schensgr\u00fcnde<\/b><br \/><br \/>Das Widerrufsrecht besteht nicht bei Vertr\u00e4gen<\/p><ul><li>zur Lieferung von Waren, die nicht vorgefertigt sind und f\u00fcr deren Herstellung eine individuelle Auswahl oder Bestimmung durch den Verbraucher ma\u00dfgeblich ist oder die eindeutig auf die pers\u00f6nlichen Bed\u00fcrfnisse des Verbrauchers zugeschnitten sind;<\/li><li>zur Lieferung von Waren, die schnell verderben k\u00f6nnen oder deren Verfallsdatum schnell \u00fcberschritten w\u00fcrde;<\/li><li>zur Lieferung alkoholischer Getr\u00e4nke, deren Preis bei Vertragsschluss vereinbart wurde, die aber fr\u00fchestens 30 Tage nach Vertragsschluss geliefert werden k\u00f6nnen und deren aktueller Wert von Schwankungen auf dem Markt abh\u00e4ngt, auf die der Unternehmer keinen Einfluss hat;<\/li><li>zur Lieferung von Zeitungen, Zeitschriften oder Illustrierten mit Ausnahme von Abonnement-Vertr\u00e4gen.<\/li><\/ul><p>Das Widerrufsrecht erlischt vorzeitig bei Vertr\u00e4gen<\/p><ul><li>zur Lieferung versiegelter Waren, die aus Gr\u00fcnden des Gesundheitsschutzes oder der Hygiene nicht zur R\u00fcckgabe geeignet sind, wenn ihre Versiegelung nach der Lieferung entfernt wurde;<\/li><li>zur Lieferung von Waren, wenn diese nach der Lieferung aufgrund ihrer Beschaffenheit untrennbar mit anderen G\u00fctern vermischt wurden;<\/li><li>zur Lieferung von Ton- oder Videoaufnahmen oder Computersoftware in einer versiegelten Packung, wenn die Versiegelung nach der Lieferung entfernt wurde.<\/li><\/ul><p><b>Ausschluss bzw. vorzeitiges Erl\u00f6schen des Widerrufsrechts<\/b><\/p><p><br \/>Das Widerrufsrecht besteht, soweit die Parteien nichts anderes vereinbart haben, nicht bei Vertr\u00e4gen, die die Lieferung von Waren zum Gegenstand haben, deren Preis auf dem Finanzmarkt von Schwankungen\u00a0 abh\u00e4ngt, auf die der Unternehmer keinen Einfluss hat und die innerhalb der Widerrufsfrist auftreten k\u00f6nnen.<\/p><p><br \/><b>Muster-Widerrufsformular<\/b><br \/><br \/>(Wenn Sie den Vertrag widerrufen wollen, dann f\u00fcllen Sie bitte dieses Formular aus und senden Sie es zur\u00fcck.)<br \/><br \/>An\u00a0<a href=\"http:\/\/Investment-Coins.com\">Investment-Coins.com<\/a>, J\u00f6rg St\u00e4hler, Postfach 110232, 46122 Oberhausen, info@investment-coins.com<\/p><p>Hiermit widerrufe(n) ich\/ wir (*) den von mir\/ uns (*) abgeschlossenen Vertrag \u00fcber den Kauf der folgenden Waren (*)\/<br \/>die Erbringung der folgenden Dienstleistung (*)<br \/><br \/>Bestellt am (*)\/ erhalten am (*)<br \/><br \/>Name des\/ der Verbraucher(s)<br \/>Anschrift des\/ der Verbraucher(s)<br \/>Unterschrift des\/ der Verbraucher(s) (nur bei Mitteilung auf Papier)<br \/>Datum<br \/><br \/>(*) Unzutreffendes streichen.<\/p>\t\t\t\t\t\t\t\t<\/div>\n\t\t\t\t<\/div>\n\t\t\t\t\t<\/div>\n\t\t<\/div>\n\t\t\t\t\t<\/div>\n\t\t<\/section>\n\t\t\t\t<\/div>\n\t\t","protected":false},"excerpt":{"rendered":"<p>Widerrufsbelehrung Widerrufsrecht Widerrufsrecht f\u00fcr Verbraucher\u00a0 Verbrauchern steht bei einem Fernabsatzvertrag, also auch bei einem im Internet geschlossenen Vertrag, grunds\u00e4tzlich ein Widerrufsrecht zu. Gem\u00e4\u00df \u00a7 312g Abs. 2 Ziffer 8 BGB besteht jedoch dann kein Widerrufsrecht, wenn ein Fernabsatzvertrag die Lieferung von Waren zum Gegenstand hat, deren Preis auf dem Finanzmarkt von Schwankungen abh\u00e4ngt, auf die [&hellip;]<\/p>\n","protected":false},"author":1,"featured_media":0,"parent":0,"menu_order":0,"comment_status":"closed","ping_status":"closed","template":"","meta":{"ocean_post_layout":"","ocean_both_sidebars_style":"","ocean_both_sidebars_content_width":0,"ocean_both_sidebars_sidebars_width":0,"ocean_sidebar":"0","ocean_second_sidebar":"0","ocean_disable_margins":"enable","ocean_add_body_class":"","ocean_shortcode_before_top_bar":"","ocean_shortcode_after_top_bar":"","ocean_shortcode_before_header":"","ocean_shortcode_after_header":"","ocean_has_shortcode":"","ocean_shortcode_after_title":"","ocean_shortcode_before_footer_widgets":"","ocean_shortcode_after_footer_widgets":"","ocean_shortcode_before_footer_bottom":"","ocean_shortcode_after_footer_bottom":"","ocean_display_top_bar":"default","ocean_display_header":"default","ocean_header_style":"","ocean_center_header_left_menu":"0","ocean_custom_header_template":"0","ocean_custom_logo":0,"ocean_custom_retina_logo":0,"ocean_custom_logo_max_width":0,"ocean_custom_logo_tablet_max_width":0,"ocean_custom_logo_mobile_max_width":0,"ocean_custom_logo_max_height":0,"ocean_custom_logo_tablet_max_height":0,"ocean_custom_logo_mobile_max_height":0,"ocean_header_custom_menu":"0","ocean_menu_typo_font_family":"0","ocean_menu_typo_font_subset":"","ocean_menu_typo_font_size":0,"ocean_menu_typo_font_size_tablet":0,"ocean_menu_typo_font_size_mobile":0,"ocean_menu_typo_font_size_unit":"px","ocean_menu_typo_font_weight":"","ocean_menu_typo_font_weight_tablet":"","ocean_menu_typo_font_weight_mobile":"","ocean_menu_typo_transform":"","ocean_menu_typo_transform_tablet":"","ocean_menu_typo_transform_mobile":"","ocean_menu_typo_line_height":0,"ocean_menu_typo_line_height_tablet":0,"ocean_menu_typo_line_height_mobile":0,"ocean_menu_typo_line_height_unit":"","ocean_menu_typo_spacing":0,"ocean_menu_typo_spacing_tablet":0,"ocean_menu_typo_spacing_mobile":0,"ocean_menu_typo_spacing_unit":"","ocean_menu_link_color":"","ocean_menu_link_color_hover":"","ocean_menu_link_color_active":"","ocean_menu_link_background":"","ocean_menu_link_hover_background":"","ocean_menu_link_active_background":"","ocean_menu_social_links_bg":"","ocean_menu_social_hover_links_bg":"","ocean_menu_social_links_color":"","ocean_menu_social_hover_links_color":"","ocean_disable_title":"default","ocean_disable_heading":"on","ocean_post_title":"","ocean_post_subheading":"","ocean_post_title_style":"","ocean_post_title_background_color":"","ocean_post_title_background":0,"ocean_post_title_bg_image_position":"","ocean_post_title_bg_image_attachment":"","ocean_post_title_bg_image_repeat":"","ocean_post_title_bg_image_size":"","ocean_post_title_height":0,"ocean_post_title_bg_overlay":0.5,"ocean_post_title_bg_overlay_color":"","ocean_disable_breadcrumbs":"default","ocean_breadcrumbs_color":"","ocean_breadcrumbs_separator_color":"","ocean_breadcrumbs_links_color":"","ocean_breadcrumbs_links_hover_color":"","ocean_display_footer_widgets":"default","ocean_display_footer_bottom":"default","ocean_custom_footer_template":"0","omw_enable_modal_window":"enable","footnotes":""},"class_list":["post-1815","page","type-page","status-publish","hentry","entry"],"yoast_head":"<!-- This site is optimized with the Yoast SEO plugin v25.7 - https:\/\/yoast.com\/wordpress\/plugins\/seo\/ -->\n<title>Cancelation policy<\/title>\n<meta name=\"description\" content=\"Widerrufsbelehrung Widerrufsrecht Widerrufsrecht f\u00fcr Verbraucher\u00a0 Verbrauchern steht bei einem Fernabsatzvertrag, also auch bei einem im Internet geschlossenen Vertrag, grunds\u00e4tzlich ein Widerrufsrecht zu. Gem\u00e4\u00df \u00a7 312g Abs. 2 Ziffer 8 BGB besteht jedoch dann kein Widerrufsrecht, wenn ein Fernabsatzvertrag die Lieferung von Waren zum Gegenstand hat, deren Preis auf dem Finanzmarkt von Schwankungen abh\u00e4ngt, auf die&hellip;\" \/>\n<meta name=\"robots\" content=\"index, follow, max-snippet:-1, max-image-preview:large, max-video-preview:-1\" \/>\n<link rel=\"canonical\" href=\"http:\/\/Widerrufsbelehrung%20Widerrufsrecht%20Widerrufsrecht%20f\u00fcr%20Verbraucher\u00a0%20Verbrauchern%20steht%20bei%20einem%20Fernabsatzvertrag,%20also%20auch%20bei%20einem%20im%20Internet%20geschlossenen%20Vertrag,%20grunds\u00e4tzlich%20ein%20Widerrufsrecht%20zu.%20Gem\u00e4\u00df%20\u00a7%20312g%20Abs.%202%20Ziffer%208%20BGB%20besteht%20jedoch%20dann%20kein%20Widerrufsrecht,%20wenn%20ein%20Fernabsatzvertrag%20die%20Lieferung%20von%20Waren%20zum%20Gegenstand%20hat,%20deren%20Preis%20auf%20dem%20Finanzmarkt%20von%20Schwankungen%20abh\u00e4ngt,%20auf%20die&hellip;\" \/>\n<meta property=\"og:locale\" content=\"en_GB\" \/>\n<meta property=\"og:type\" content=\"article\" \/>\n<meta property=\"og:title\" content=\"Cancelation policy\" \/>\n<meta property=\"og:description\" content=\"Widerrufsbelehrung Widerrufsrecht Widerrufsrecht f\u00fcr Verbraucher\u00a0 Verbrauchern steht bei einem Fernabsatzvertrag, also auch bei einem im Internet geschlossenen Vertrag, grunds\u00e4tzlich ein Widerrufsrecht zu. Gem\u00e4\u00df \u00a7 312g Abs. 2 Ziffer 8 BGB besteht jedoch dann kein Widerrufsrecht, wenn ein Fernabsatzvertrag die Lieferung von Waren zum Gegenstand hat, deren Preis auf dem Finanzmarkt von Schwankungen abh\u00e4ngt, auf die&hellip;\" \/>\n<meta property=\"og:url\" content=\"https:\/\/neidrider.de\/en\/wiederrufsbelehrung\/\" \/>\n<meta property=\"og:site_name\" content=\"NeidRider WebDesign PHP Programmierung Schulungen\" \/>\n<meta property=\"article:modified_time\" content=\"2022-04-15T23:36:42+00:00\" \/>\n<meta name=\"twitter:card\" content=\"summary_large_image\" \/>\n<meta name=\"twitter:label1\" content=\"Est. reading time\" \/>\n\t<meta name=\"twitter:data1\" content=\"4 minutes\" \/>\n<script type=\"application\/ld+json\" class=\"yoast-schema-graph\">{\"@context\":\"https:\/\/schema.org\",\"@graph\":[{\"@type\":\"WebPage\",\"@id\":\"https:\/\/neidrider.de\/en\/wiederrufsbelehrung\/\",\"url\":\"https:\/\/neidrider.de\/en\/wiederrufsbelehrung\/\",\"name\":\"Wiederrufsbelehrung | NeidRider WebDesign PHP Programmierung Schulungen\",\"isPartOf\":{\"@id\":\"https:\/\/neidrider.de\/#website\"},\"datePublished\":\"2021-07-12T19:03:33+00:00\",\"dateModified\":\"2022-04-15T23:36:42+00:00\",\"description\":\"Widerrufsbelehrung Widerrufsrecht Widerrufsrecht f\u00fcr Verbraucher&nbsp; Verbrauchern steht bei einem Fernabsatzvertrag, also auch bei einem im Internet\",\"breadcrumb\":{\"@id\":\"https:\/\/neidrider.de\/en\/wiederrufsbelehrung\/#breadcrumb\"},\"inLanguage\":\"en-GB\",\"potentialAction\":[{\"@type\":\"ReadAction\",\"target\":[\"https:\/\/neidrider.de\/en\/wiederrufsbelehrung\/\"]}]},{\"@type\":\"BreadcrumbList\",\"@id\":\"https:\/\/neidrider.de\/en\/wiederrufsbelehrung\/#breadcrumb\",\"itemListElement\":[{\"@type\":\"ListItem\",\"position\":1,\"name\":\"Home\",\"item\":\"https:\/\/neidrider.de\/\"},{\"@type\":\"ListItem\",\"position\":2,\"name\":\"Cancelation policy\"}]},{\"@type\":\"WebSite\",\"@id\":\"https:\/\/neidrider.de\/en\/#website\",\"url\":\"https:\/\/neidrider.de\/en\/\",\"name\":\"NeidRider WebDesign PHP Programmierung Schulungen\",\"description\":\"\",\"publisher\":{\"@id\":\"https:\/\/neidrider.de\/en\/#organization\"},\"potentialAction\":[{\"@type\":\"SearchAction\",\"target\":{\"@type\":\"EntryPoint\",\"urlTemplate\":\"https:\/\/neidrider.de\/en\/?s={search_term_string}\"},\"query-input\":{\"@type\":\"PropertyValueSpecification\",\"valueRequired\":true,\"valueName\":\"search_term_string\"}}],\"inLanguage\":\"en-GB\"},{\"@type\":\"Organization\",\"@id\":\"https:\/\/neidrider.de\/en\/#organization\",\"name\":\"INVESTMENT COINS\",\"url\":\"https:\/\/neidrider.de\/en\/\",\"logo\":{\"@type\":\"ImageObject\",\"inLanguage\":\"en-GB\",\"@id\":\"https:\/\/neidrider.de\/en\/#\/schema\/logo\/image\/\",\"url\":\"https:\/\/neidrider.de\/wp-content\/uploads\/2021\/07\/logo2.png\",\"contentUrl\":\"https:\/\/neidrider.de\/wp-content\/uploads\/2021\/07\/logo2.png\",\"width\":450,\"height\":63,\"caption\":\"INVESTMENT COINS\"},\"image\":{\"@id\":\"https:\/\/neidrider.de\/en\/#\/schema\/logo\/image\/\"}}]}<\/script>\n<!-- \/ Yoast SEO plugin. -->","yoast_head_json":{"title":"Cancelation policy","description":"Widerrufsbelehrung Widerrufsrecht Widerrufsrecht f\u00fcr Verbraucher\u00a0 Verbrauchern steht bei einem Fernabsatzvertrag, also auch bei einem im Internet geschlossenen Vertrag, grunds\u00e4tzlich ein Widerrufsrecht zu. Gem\u00e4\u00df \u00a7 312g Abs. 2 Ziffer 8 BGB besteht jedoch dann kein Widerrufsrecht, wenn ein Fernabsatzvertrag die Lieferung von Waren zum Gegenstand hat, deren Preis auf dem Finanzmarkt von Schwankungen abh\u00e4ngt, auf die&hellip;","robots":{"index":"index","follow":"follow","max-snippet":"max-snippet:-1","max-image-preview":"max-image-preview:large","max-video-preview":"max-video-preview:-1"},"canonical":"Widerrufsbelehrung Widerrufsrecht Widerrufsrecht f\u00fcr Verbraucher\u00a0 Verbrauchern steht bei einem Fernabsatzvertrag, also auch bei einem im Internet geschlossenen Vertrag, grunds\u00e4tzlich ein Widerrufsrecht zu. Gem\u00e4\u00df \u00a7 312g Abs. 2 Ziffer 8 BGB besteht jedoch dann kein Widerrufsrecht, wenn ein Fernabsatzvertrag die Lieferung von Waren zum Gegenstand hat, deren Preis auf dem Finanzmarkt von Schwankungen abh\u00e4ngt, auf die&hellip;","og_locale":"en_GB","og_type":"article","og_title":"Cancelation policy","og_description":"Widerrufsbelehrung Widerrufsrecht Widerrufsrecht f\u00fcr Verbraucher\u00a0 Verbrauchern steht bei einem Fernabsatzvertrag, also auch bei einem im Internet geschlossenen Vertrag, grunds\u00e4tzlich ein Widerrufsrecht zu. Gem\u00e4\u00df \u00a7 312g Abs. 2 Ziffer 8 BGB besteht jedoch dann kein Widerrufsrecht, wenn ein Fernabsatzvertrag die Lieferung von Waren zum Gegenstand hat, deren Preis auf dem Finanzmarkt von Schwankungen abh\u00e4ngt, auf die&hellip;","og_url":"https:\/\/neidrider.de\/en\/wiederrufsbelehrung\/","og_site_name":"NeidRider WebDesign PHP Programmierung Schulungen","article_modified_time":"2022-04-15T23:36:42+00:00","twitter_card":"summary_large_image","twitter_misc":{"Est. reading time":"4 minutes"},"schema":{"@context":"https:\/\/schema.org","@graph":[{"@type":"WebPage","@id":"https:\/\/neidrider.de\/en\/wiederrufsbelehrung\/","url":"https:\/\/neidrider.de\/en\/wiederrufsbelehrung\/","name":"Wiederrufsbelehrung | NeidRider WebDesign PHP Programmierung Schulungen","isPartOf":{"@id":"https:\/\/neidrider.de\/#website"},"datePublished":"2021-07-12T19:03:33+00:00","dateModified":"2022-04-15T23:36:42+00:00","description":"Widerrufsbelehrung Widerrufsrecht Widerrufsrecht f\u00fcr Verbraucher&nbsp; Verbrauchern steht bei einem Fernabsatzvertrag, also auch bei einem im Internet","breadcrumb":{"@id":"https:\/\/neidrider.de\/en\/wiederrufsbelehrung\/#breadcrumb"},"inLanguage":"en-GB","potentialAction":[{"@type":"ReadAction","target":["https:\/\/neidrider.de\/en\/wiederrufsbelehrung\/"]}]},{"@type":"BreadcrumbList","@id":"https:\/\/neidrider.de\/en\/wiederrufsbelehrung\/#breadcrumb","itemListElement":[{"@type":"ListItem","position":1,"name":"Home","item":"https:\/\/neidrider.de\/"},{"@type":"ListItem","position":2,"name":"Cancelation policy"}]},{"@type":"WebSite","@id":"https:\/\/neidrider.de\/en\/#website","url":"https:\/\/neidrider.de\/en\/","name":"NeidRider WebDesign PHP Programmierung Schulungen","description":"","publisher":{"@id":"https:\/\/neidrider.de\/en\/#organization"},"potentialAction":[{"@type":"SearchAction","target":{"@type":"EntryPoint","urlTemplate":"https:\/\/neidrider.de\/en\/?s={search_term_string}"},"query-input":{"@type":"PropertyValueSpecification","valueRequired":true,"valueName":"search_term_string"}}],"inLanguage":"en-GB"},{"@type":"Organization","@id":"https:\/\/neidrider.de\/en\/#organization","name":"INVESTMENT COINS","url":"https:\/\/neidrider.de\/en\/","logo":{"@type":"ImageObject","inLanguage":"en-GB","@id":"https:\/\/neidrider.de\/en\/#\/schema\/logo\/image\/","url":"https:\/\/neidrider.de\/wp-content\/uploads\/2021\/07\/logo2.png","contentUrl":"https:\/\/neidrider.de\/wp-content\/uploads\/2021\/07\/logo2.png","width":450,"height":63,"caption":"INVESTMENT COINS"},"image":{"@id":"https:\/\/neidrider.de\/en\/#\/schema\/logo\/image\/"}}]}},"_links":{"self":[{"href":"https:\/\/neidrider.de\/en\/wp-json\/wp\/v2\/pages\/1815","targetHints":{"allow":["GET"]}}],"collection":[{"href":"https:\/\/neidrider.de\/en\/wp-json\/wp\/v2\/pages"}],"about":[{"href":"https:\/\/neidrider.de\/en\/wp-json\/wp\/v2\/types\/page"}],"author":[{"embeddable":true,"href":"https:\/\/neidrider.de\/en\/wp-json\/wp\/v2\/users\/1"}],"replies":[{"embeddable":true,"href":"https:\/\/neidrider.de\/en\/wp-json\/wp\/v2\/comments?post=1815"}],"version-history":[{"count":0,"href":"https:\/\/neidrider.de\/en\/wp-json\/wp\/v2\/pages\/1815\/revisions"}],"wp:attachment":[{"href":"https:\/\/neidrider.de\/en\/wp-json\/wp\/v2\/media?parent=1815"}],"curies":[{"name":"wp","href":"https:\/\/api.w.org\/{rel}","templated":true}]}}