{"id":1762,"date":"2021-07-12T12:54:17","date_gmt":"2021-07-12T12:54:17","guid":{"rendered":"https:\/\/neidrider.de\/?page_id=1762"},"modified":"2024-05-02T10:33:29","modified_gmt":"2024-05-02T10:33:29","slug":"impressum","status":"publish","type":"page","link":"https:\/\/neidrider.de\/en\/impressum\/","title":{"rendered":"Impressum"},"content":{"rendered":"\t\t<div data-elementor-type=\"wp-page\" data-elementor-id=\"1762\" class=\"elementor elementor-1762\">\n\t\t\t\t\t\t<section class=\"elementor-section elementor-top-section elementor-element elementor-element-72401c7 elementor-section-boxed elementor-section-height-default elementor-section-height-default\" data-id=\"72401c7\" data-element_type=\"section\">\n\t\t\t\t\t\t<div class=\"elementor-container elementor-column-gap-default\">\n\t\t\t\t\t<div class=\"elementor-column elementor-col-100 elementor-top-column elementor-element elementor-element-2841349\" data-id=\"2841349\" data-element_type=\"column\">\n\t\t\t<div class=\"elementor-widget-wrap elementor-element-populated\">\n\t\t\t\t\t\t<div class=\"elementor-element elementor-element-69ca043 elementor-widget elementor-widget-heading\" data-id=\"69ca043\" data-element_type=\"widget\" data-widget_type=\"heading.default\">\n\t\t\t\t<div class=\"elementor-widget-container\">\n\t\t\t\t\t<h2 class=\"elementor-heading-title elementor-size-default\">Rechtliche Informationen<\/h2>\t\t\t\t<\/div>\n\t\t\t\t<\/div>\n\t\t\t\t\t<\/div>\n\t\t<\/div>\n\t\t\t\t\t<\/div>\n\t\t<\/section>\n\t\t\t\t<section class=\"elementor-section elementor-top-section elementor-element elementor-element-00bf615 elementor-section-boxed elementor-section-height-default elementor-section-height-default\" data-id=\"00bf615\" data-element_type=\"section\">\n\t\t\t\t\t\t<div class=\"elementor-container elementor-column-gap-default\">\n\t\t\t\t\t<div class=\"elementor-column elementor-col-100 elementor-top-column elementor-element elementor-element-b69a0b1\" data-id=\"b69a0b1\" data-element_type=\"column\">\n\t\t\t<div class=\"elementor-widget-wrap elementor-element-populated\">\n\t\t\t\t\t\t<div class=\"elementor-element elementor-element-57a0ed9 elementor-widget elementor-widget-text-editor\" data-id=\"57a0ed9\" data-element_type=\"widget\" data-widget_type=\"text-editor.default\">\n\t\t\t\t<div class=\"elementor-widget-container\">\n\t\t\t\t\t\t\t\t\t<div class=\"content_mitte\"><div id=\"datenschutz\"><p>Responsible for the content:<\/p><p>Investment Coins UG limited liability<br \/>P.O. Box 110232<br \/>46122 Oberhausen, Germany<\/p><p>Telephone: 0208 62 189 535<br \/>E-mail: info@investment-coins.de<\/p><p>Legally represented by the managing director J\u00f6rg St\u00e4hler<br \/>HRB 23388 Duisburg Local Court<br \/>Tax number DE343695897<\/p><p>External links<br \/>Our website contains links to other sites on the Internet. The following applies to all these links: We expressly emphasize that we have no influence whatsoever on the design and content of the linked pages. For this reason, we expressly distance ourselves from all content on all linked pages on this entire website, including all sub-pages. This declaration applies to all links on these pages and to all contents of the pages to which links or banners lead.<\/p><p>copyright<br \/>All image and information material contained on this website as well as all other data and information listed here are the intellectual property of TriaTex.de. All rights reserved. Some of the content on this website is owned by third parties (e.g. company logos). TriaTex UG uses this data with the kind permission of the respective owner. The rights for this lie with the respective owners.<\/p><p>If you feel that your rights have been infringed by the content of our website, we ask you to notify us accordingly, free of charge. We will check the matter immediately and, if necessary, eliminate the disruption.<\/p><p>Data protection notice<br \/>Thank you for your interest in our online presence. The protection of your personal data is very important to us. At this point we would like to inform you about data protection in our company. Of course, we observe the statutory provisions of the Data Protection Act (BDSG), the Telemedia Act (TMG) and other data protection regulations. You can trust us with your personal data! They are encrypted by digital security systems and transmitted to us. Our websites are protected by technical measures against damage, destruction or unauthorized access.<\/p><p>Additional address Investment Coins UG, Hiesfelderstr. 103, 46147 Oberhausen, Germany.<\/p><\/div><\/div>\t\t\t\t\t\t\t\t<\/div>\n\t\t\t\t<\/div>\n\t\t\t\t\t<\/div>\n\t\t<\/div>\n\t\t\t\t\t<\/div>\n\t\t<\/section>\n\t\t\t\t<\/div>\n\t\t","protected":false},"excerpt":{"rendered":"<p>Rechtliche Informationen Verantwortlich f\u00fcr den Inhalt:\u00a0Investment Coins UGGesch\u00e4ftsf\u00fchrer J\u00f6rg St\u00e4hlerHiesfelderstr. 103 A46149 Oberhausen\u00a0Amtsgericht DuisburgHRB 233388\u00a0Telefon: 0208 62 189 535E-mail: info@neidrider.de\u00a0Steuernummer DE343695897\u00a0 Externe LinksUnsere WebSite enth\u00e4lt Links zu anderen Seiten im Internet. F\u00fcr all diese Links gilt Folgendes: Wir betonen ausdr\u00fccklich, dass wir keinerlei Einflu\u00df auf die Gestaltung und die Inhalte der verlinkten Seiten haben. Aus [&hellip;]<\/p>\n","protected":false},"author":1,"featured_media":0,"parent":0,"menu_order":0,"comment_status":"closed","ping_status":"closed","template":"","meta":{"ocean_post_layout":"","ocean_both_sidebars_style":"","ocean_both_sidebars_content_width":0,"ocean_both_sidebars_sidebars_width":0,"ocean_sidebar":"0","ocean_second_sidebar":"0","ocean_disable_margins":"enable","ocean_add_body_class":"","ocean_shortcode_before_top_bar":"","ocean_shortcode_after_top_bar":"","ocean_shortcode_before_header":"","ocean_shortcode_after_header":"","ocean_has_shortcode":"","ocean_shortcode_after_title":"","ocean_shortcode_before_footer_widgets":"","ocean_shortcode_after_footer_widgets":"","ocean_shortcode_before_footer_bottom":"","ocean_shortcode_after_footer_bottom":"","ocean_display_top_bar":"default","ocean_display_header":"default","ocean_header_style":"","ocean_center_header_left_menu":"0","ocean_custom_header_template":"0","ocean_custom_logo":0,"ocean_custom_retina_logo":0,"ocean_custom_logo_max_width":0,"ocean_custom_logo_tablet_max_width":0,"ocean_custom_logo_mobile_max_width":0,"ocean_custom_logo_max_height":0,"ocean_custom_logo_tablet_max_height":0,"ocean_custom_logo_mobile_max_height":0,"ocean_header_custom_menu":"0","ocean_menu_typo_font_family":"0","ocean_menu_typo_font_subset":"","ocean_menu_typo_font_size":0,"ocean_menu_typo_font_size_tablet":0,"ocean_menu_typo_font_size_mobile":0,"ocean_menu_typo_font_size_unit":"px","ocean_menu_typo_font_weight":"","ocean_menu_typo_font_weight_tablet":"","ocean_menu_typo_font_weight_mobile":"","ocean_menu_typo_transform":"","ocean_menu_typo_transform_tablet":"","ocean_menu_typo_transform_mobile":"","ocean_menu_typo_line_height":0,"ocean_menu_typo_line_height_tablet":0,"ocean_menu_typo_line_height_mobile":0,"ocean_menu_typo_line_height_unit":"","ocean_menu_typo_spacing":0,"ocean_menu_typo_spacing_tablet":0,"ocean_menu_typo_spacing_mobile":0,"ocean_menu_typo_spacing_unit":"","ocean_menu_link_color":"","ocean_menu_link_color_hover":"","ocean_menu_link_color_active":"","ocean_menu_link_background":"","ocean_menu_link_hover_background":"","ocean_menu_link_active_background":"","ocean_menu_social_links_bg":"","ocean_menu_social_hover_links_bg":"","ocean_menu_social_links_color":"","ocean_menu_social_hover_links_color":"","ocean_disable_title":"default","ocean_disable_heading":"on","ocean_post_title":"","ocean_post_subheading":"","ocean_post_title_style":"","ocean_post_title_background_color":"","ocean_post_title_background":0,"ocean_post_title_bg_image_position":"","ocean_post_title_bg_image_attachment":"","ocean_post_title_bg_image_repeat":"","ocean_post_title_bg_image_size":"","ocean_post_title_height":0,"ocean_post_title_bg_overlay":0.5,"ocean_post_title_bg_overlay_color":"","ocean_disable_breadcrumbs":"default","ocean_breadcrumbs_color":"","ocean_breadcrumbs_separator_color":"","ocean_breadcrumbs_links_color":"","ocean_breadcrumbs_links_hover_color":"","ocean_display_footer_widgets":"default","ocean_display_footer_bottom":"default","ocean_custom_footer_template":"0","omw_enable_modal_window":"enable","footnotes":""},"class_list":["post-1762","page","type-page","status-publish","hentry","entry"],"yoast_head":"<!-- This site is optimized with the Yoast SEO plugin v25.7 - https:\/\/yoast.com\/wordpress\/plugins\/seo\/ -->\n<title>Impressum<\/title>\n<meta name=\"description\" content=\"Rechtliche Informationen Verantwortlich f\u00fcr den Inhalt:\u00a0Investment Coins UGGesch\u00e4ftsf\u00fchrer J\u00f6rg St\u00e4hlerHiesfelderstr. 103 A46149 Oberhausen\u00a0Amtsgericht DuisburgHRB 233388\u00a0Telefon: 0208 62 189 535E-mail: info@neidrider.de\u00a0Steuernummer DE343695897\u00a0Externe LinksUnsere WebSite enth\u00e4lt Links zu anderen Seiten im Internet. F\u00fcr all diese Links gilt Folgendes: Wir betonen ausdr\u00fccklich, dass wir keinerlei Einflu\u00df auf die Gestaltung und die Inhalte der verlinkten Seiten haben. Aus diesem&hellip;\" \/>\n<meta name=\"robots\" content=\"index, follow, max-snippet:-1, max-image-preview:large, max-video-preview:-1\" \/>\n<link rel=\"canonical\" href=\"\" \/>\n<meta property=\"og:locale\" content=\"en_GB\" \/>\n<meta property=\"og:type\" content=\"article\" \/>\n<meta property=\"og:title\" content=\"Impressum\" \/>\n<meta property=\"og:description\" content=\"Rechtliche Informationen Verantwortlich f\u00fcr den Inhalt:\u00a0Investment Coins UGGesch\u00e4ftsf\u00fchrer J\u00f6rg St\u00e4hlerHiesfelderstr. 103 A46149 Oberhausen\u00a0Amtsgericht DuisburgHRB 233388\u00a0Telefon: 0208 62 189 535E-mail: info@neidrider.de\u00a0Steuernummer DE343695897\u00a0Externe LinksUnsere WebSite enth\u00e4lt Links zu anderen Seiten im Internet. F\u00fcr all diese Links gilt Folgendes: Wir betonen ausdr\u00fccklich, dass wir keinerlei Einflu\u00df auf die Gestaltung und die Inhalte der verlinkten Seiten haben. Aus diesem&hellip;\" \/>\n<meta property=\"og:url\" content=\"https:\/\/neidrider.de\/en\/impressum\/\" \/>\n<meta property=\"og:site_name\" content=\"NeidRider WebDesign PHP Programmierung Schulungen\" \/>\n<meta property=\"article:modified_time\" content=\"2024-05-02T10:33:29+00:00\" \/>\n<meta name=\"twitter:card\" content=\"summary_large_image\" \/>\n<meta name=\"twitter:label1\" content=\"Est. reading time\" \/>\n\t<meta name=\"twitter:data1\" content=\"2 minutes\" \/>\n<script type=\"application\/ld+json\" class=\"yoast-schema-graph\">{\"@context\":\"https:\/\/schema.org\",\"@graph\":[{\"@type\":\"WebPage\",\"@id\":\"https:\/\/neidrider.de\/en\/impressum\/\",\"url\":\"https:\/\/neidrider.de\/en\/impressum\/\",\"name\":\"Impressum | NeidRider WebDesign PHP Programmierung Schulungen\",\"isPartOf\":{\"@id\":\"https:\/\/neidrider.de\/#website\"},\"datePublished\":\"2021-07-12T12:54:17+00:00\",\"dateModified\":\"2024-05-02T10:33:29+00:00\",\"description\":\"Rechtliche Informationen Verantwortlich f\u00fcr den Inhalt:\u00a0Investment Coins UGGesch\u00e4ftsf\u00fchrer J\u00f6rg St\u00e4hlerHiesfelderstr. 103 A46149 Oberhausen\u00a0Amtsgericht\",\"breadcrumb\":{\"@id\":\"https:\/\/neidrider.de\/en\/impressum\/#breadcrumb\"},\"inLanguage\":\"en-GB\",\"potentialAction\":[{\"@type\":\"ReadAction\",\"target\":[\"https:\/\/neidrider.de\/en\/impressum\/\"]}]},{\"@type\":\"BreadcrumbList\",\"@id\":\"https:\/\/neidrider.de\/en\/impressum\/#breadcrumb\",\"itemListElement\":[{\"@type\":\"ListItem\",\"position\":1,\"name\":\"Home\",\"item\":\"https:\/\/neidrider.de\/\"},{\"@type\":\"ListItem\",\"position\":2,\"name\":\"Impressum\"}]},{\"@type\":\"WebSite\",\"@id\":\"https:\/\/neidrider.de\/en\/#website\",\"url\":\"https:\/\/neidrider.de\/en\/\",\"name\":\"NeidRider WebDesign PHP Programmierung Schulungen\",\"description\":\"\",\"publisher\":{\"@id\":\"https:\/\/neidrider.de\/en\/#organization\"},\"potentialAction\":[{\"@type\":\"SearchAction\",\"target\":{\"@type\":\"EntryPoint\",\"urlTemplate\":\"https:\/\/neidrider.de\/en\/?s={search_term_string}\"},\"query-input\":{\"@type\":\"PropertyValueSpecification\",\"valueRequired\":true,\"valueName\":\"search_term_string\"}}],\"inLanguage\":\"en-GB\"},{\"@type\":\"Organization\",\"@id\":\"https:\/\/neidrider.de\/en\/#organization\",\"name\":\"INVESTMENT COINS\",\"url\":\"https:\/\/neidrider.de\/en\/\",\"logo\":{\"@type\":\"ImageObject\",\"inLanguage\":\"en-GB\",\"@id\":\"https:\/\/neidrider.de\/en\/#\/schema\/logo\/image\/\",\"url\":\"https:\/\/neidrider.de\/wp-content\/uploads\/2021\/07\/logo2.png\",\"contentUrl\":\"https:\/\/neidrider.de\/wp-content\/uploads\/2021\/07\/logo2.png\",\"width\":450,\"height\":63,\"caption\":\"INVESTMENT COINS\"},\"image\":{\"@id\":\"https:\/\/neidrider.de\/en\/#\/schema\/logo\/image\/\"}}]}<\/script>\n<!-- \/ Yoast SEO plugin. -->","yoast_head_json":{"title":"Impressum","description":"Rechtliche Informationen Verantwortlich f\u00fcr den Inhalt:\u00a0Investment Coins UGGesch\u00e4ftsf\u00fchrer J\u00f6rg St\u00e4hlerHiesfelderstr. 103 A46149 Oberhausen\u00a0Amtsgericht DuisburgHRB 233388\u00a0Telefon: 0208 62 189 535E-mail: info@neidrider.de\u00a0Steuernummer DE343695897\u00a0Externe LinksUnsere WebSite enth\u00e4lt Links zu anderen Seiten im Internet. F\u00fcr all diese Links gilt Folgendes: Wir betonen ausdr\u00fccklich, dass wir keinerlei Einflu\u00df auf die Gestaltung und die Inhalte der verlinkten Seiten haben. Aus diesem&hellip;","robots":{"index":"index","follow":"follow","max-snippet":"max-snippet:-1","max-image-preview":"max-image-preview:large","max-video-preview":"max-video-preview:-1"},"canonical":"Rechtliche Informationen Verantwortlich f\u00fcr den Inhalt:\u00a0Investment Coins UGGesch\u00e4ftsf\u00fchrer J\u00f6rg St\u00e4hlerHiesfelderstr. 103 A46149 Oberhausen\u00a0Amtsgericht DuisburgHRB 233388\u00a0Telefon: 0208 62 189 535E-mail: info@neidrider.de\u00a0Steuernummer DE343695897\u00a0Externe LinksUnsere WebSite enth\u00e4lt Links zu anderen Seiten im Internet. F\u00fcr all diese Links gilt Folgendes: Wir betonen ausdr\u00fccklich, dass wir keinerlei Einflu\u00df auf die Gestaltung und die Inhalte der verlinkten Seiten haben. Aus diesem&hellip;","og_locale":"en_GB","og_type":"article","og_title":"Impressum","og_description":"Rechtliche Informationen Verantwortlich f\u00fcr den Inhalt:\u00a0Investment Coins UGGesch\u00e4ftsf\u00fchrer J\u00f6rg St\u00e4hlerHiesfelderstr. 103 A46149 Oberhausen\u00a0Amtsgericht DuisburgHRB 233388\u00a0Telefon: 0208 62 189 535E-mail: info@neidrider.de\u00a0Steuernummer DE343695897\u00a0Externe LinksUnsere WebSite enth\u00e4lt Links zu anderen Seiten im Internet. F\u00fcr all diese Links gilt Folgendes: Wir betonen ausdr\u00fccklich, dass wir keinerlei Einflu\u00df auf die Gestaltung und die Inhalte der verlinkten Seiten haben. Aus diesem&hellip;","og_url":"https:\/\/neidrider.de\/en\/impressum\/","og_site_name":"NeidRider WebDesign PHP Programmierung Schulungen","article_modified_time":"2024-05-02T10:33:29+00:00","twitter_card":"summary_large_image","twitter_misc":{"Est. reading time":"2 minutes"},"schema":{"@context":"https:\/\/schema.org","@graph":[{"@type":"WebPage","@id":"https:\/\/neidrider.de\/en\/impressum\/","url":"https:\/\/neidrider.de\/en\/impressum\/","name":"Impressum | NeidRider WebDesign PHP Programmierung Schulungen","isPartOf":{"@id":"https:\/\/neidrider.de\/#website"},"datePublished":"2021-07-12T12:54:17+00:00","dateModified":"2024-05-02T10:33:29+00:00","description":"Rechtliche Informationen Verantwortlich f\u00fcr den Inhalt:\u00a0Investment Coins UGGesch\u00e4ftsf\u00fchrer J\u00f6rg St\u00e4hlerHiesfelderstr. 103 A46149 Oberhausen\u00a0Amtsgericht","breadcrumb":{"@id":"https:\/\/neidrider.de\/en\/impressum\/#breadcrumb"},"inLanguage":"en-GB","potentialAction":[{"@type":"ReadAction","target":["https:\/\/neidrider.de\/en\/impressum\/"]}]},{"@type":"BreadcrumbList","@id":"https:\/\/neidrider.de\/en\/impressum\/#breadcrumb","itemListElement":[{"@type":"ListItem","position":1,"name":"Home","item":"https:\/\/neidrider.de\/"},{"@type":"ListItem","position":2,"name":"Impressum"}]},{"@type":"WebSite","@id":"https:\/\/neidrider.de\/en\/#website","url":"https:\/\/neidrider.de\/en\/","name":"NeidRider WebDesign PHP Programmierung Schulungen","description":"","publisher":{"@id":"https:\/\/neidrider.de\/en\/#organization"},"potentialAction":[{"@type":"SearchAction","target":{"@type":"EntryPoint","urlTemplate":"https:\/\/neidrider.de\/en\/?s={search_term_string}"},"query-input":{"@type":"PropertyValueSpecification","valueRequired":true,"valueName":"search_term_string"}}],"inLanguage":"en-GB"},{"@type":"Organization","@id":"https:\/\/neidrider.de\/en\/#organization","name":"INVESTMENT COINS","url":"https:\/\/neidrider.de\/en\/","logo":{"@type":"ImageObject","inLanguage":"en-GB","@id":"https:\/\/neidrider.de\/en\/#\/schema\/logo\/image\/","url":"https:\/\/neidrider.de\/wp-content\/uploads\/2021\/07\/logo2.png","contentUrl":"https:\/\/neidrider.de\/wp-content\/uploads\/2021\/07\/logo2.png","width":450,"height":63,"caption":"INVESTMENT COINS"},"image":{"@id":"https:\/\/neidrider.de\/en\/#\/schema\/logo\/image\/"}}]}},"_links":{"self":[{"href":"https:\/\/neidrider.de\/en\/wp-json\/wp\/v2\/pages\/1762","targetHints":{"allow":["GET"]}}],"collection":[{"href":"https:\/\/neidrider.de\/en\/wp-json\/wp\/v2\/pages"}],"about":[{"href":"https:\/\/neidrider.de\/en\/wp-json\/wp\/v2\/types\/page"}],"author":[{"embeddable":true,"href":"https:\/\/neidrider.de\/en\/wp-json\/wp\/v2\/users\/1"}],"replies":[{"embeddable":true,"href":"https:\/\/neidrider.de\/en\/wp-json\/wp\/v2\/comments?post=1762"}],"version-history":[{"count":0,"href":"https:\/\/neidrider.de\/en\/wp-json\/wp\/v2\/pages\/1762\/revisions"}],"wp:attachment":[{"href":"https:\/\/neidrider.de\/en\/wp-json\/wp\/v2\/media?parent=1762"}],"curies":[{"name":"wp","href":"https:\/\/api.w.org\/{rel}","templated":true}]}}